{"id":1380,"date":"2018-04-10T14:50:55","date_gmt":"2018-04-10T14:50:55","guid":{"rendered":"https:\/\/tusetcn.com\/avantatges\/"},"modified":"2022-06-23T17:35:24","modified_gmt":"2022-06-23T15:35:24","slug":"avantatges-del-centre-de-negocis-a-barcelona","status":"publish","type":"page","link":"https:\/\/tusetcn.com\/ca\/avantatges-del-centre-de-negocis-a-barcelona\/","title":{"rendered":"Avantatges"},"content":{"rendered":"<p>[et_pb_section fb_built=&#8221;1&#8243; fullwidth=&#8221;on&#8221; disabled_on=&#8221;off|off|off&#8221; admin_label=&#8221;Hero&#8221; _builder_version=&#8221;4.16&#8243; parallax=&#8221;on&#8221; custom_padding=&#8221;|||&#8221; global_colors_info=&#8221;{}&#8221;][et_pb_fullwidth_header title=&#8221;Avantatges&#8221; subhead=&#8221;El millor centre de negocis de BARCELONA&#8221; text_orientation=&#8221;center&#8221; button_two_text=&#8221;Contacta amb Nosaltres&#8221; button_two_url=&#8221;mailto:info@tusetcn.com&#8221; background_overlay_color=&#8221;rgba(12,113,195,0.59)&#8221; _builder_version=&#8221;4.17.4&#8243; title_font=&#8221;Muli|700|||||||&#8221; title_text_align=&#8221;center&#8221; title_text_color=&#8221;#ffffff&#8221; title_font_size=&#8221;55px&#8221; title_line_height=&#8221;1.3em&#8221; content_font=&#8221;Muli|700|||||||&#8221; content_text_color=&#8221;#ffffff&#8221; content_font_size=&#8221;28px&#8221; content_line_height=&#8221;1.2em&#8221; subhead_font=&#8221;Muli||||||||&#8221; subhead_text_color=&#8221;#0056ed&#8221; subhead_font_size=&#8221;17px&#8221; background_color=&#8221;rgba(255, 255, 255, 0)&#8221; background_image=&#8221;https:\/\/tusetcn.com\/wp-content\/uploads\/2018\/03\/CNTUSETrecepcion-11.jpg&#8221; custom_button_two=&#8221;on&#8221; button_two_text_size=&#8221;15px&#8221; button_two_text_color=&#8221;#ffffff&#8221; button_two_bg_color=&#8221;#0c71c3&#8243; button_two_border_width=&#8221;0px&#8221; button_two_border_color=&#8221;rgba(146,155,21,0)&#8221; button_two_border_radius=&#8221;22px&#8221; button_two_letter_spacing=&#8221;1px&#8221; button_two_font=&#8221;Muli|600||on|||||&#8221; button_two_icon=&#8221;&#x35;||divi||400&#8243; max_width_tablet=&#8221;50px&#8221; custom_margin=&#8221;|||&#8221; custom_padding=&#8221;5%||5%|&#8221; animation_style=&#8221;fade&#8221; animation_duration=&#8221;1500ms&#8221; hover_enabled=&#8221;0&#8243; title_font_size_tablet=&#8221;&#8221; title_font_size_phone=&#8221;50px&#8221; title_font_size_last_edited=&#8221;on|phone&#8221; title_line_height_last_edited=&#8221;off|desktop&#8221; title_text_shadow_style=&#8221;preset3&#8243; content_text_shadow_style=&#8221;preset2&#8243; button_two_letter_spacing_hover=&#8221;1px&#8221; global_colors_info=&#8221;{}&#8221; button_one_text_size__hover_enabled=&#8221;off&#8221; button_two_text_size__hover_enabled=&#8221;off&#8221; button_one_text_color__hover_enabled=&#8221;off&#8221; button_two_text_color__hover_enabled=&#8221;off&#8221; button_one_border_width__hover_enabled=&#8221;off&#8221; button_two_border_width__hover_enabled=&#8221;off&#8221; button_one_border_color__hover_enabled=&#8221;off&#8221; button_two_border_color__hover_enabled=&#8221;off&#8221; button_one_border_radius__hover_enabled=&#8221;off&#8221; button_two_border_radius__hover_enabled=&#8221;off&#8221; button_one_letter_spacing__hover_enabled=&#8221;off&#8221; button_two_letter_spacing__hover_enabled=&#8221;on&#8221; button_two_letter_spacing__hover=&#8221;1px&#8221; button_one_bg_color__hover_enabled=&#8221;off&#8221; button_two_bg_color__hover_enabled=&#8221;off&#8221; sticky_enabled=&#8221;0&#8243;]<\/p>\n<p><strong>Quins avantatges t\u00e9 un centre de negocis respecte a una oficina tradicional?<\/strong><\/p>\n<p>[\/et_pb_fullwidth_header][\/et_pb_section][et_pb_section fb_built=&#8221;1&#8243; _builder_version=&#8221;4.16&#8243; custom_padding=&#8221;45px|0px|54px|0px&#8221; global_colors_info=&#8221;{}&#8221;][et_pb_row column_structure=&#8221;1_2,1_2&#8243; _builder_version=&#8221;4.16&#8243; custom_padding=&#8221;49px|0px|27px|0px&#8221; global_colors_info=&#8221;{}&#8221;][et_pb_column type=&#8221;1_2&#8243; _builder_version=&#8221;4.16&#8243; custom_padding=&#8221;|||&#8221; global_colors_info=&#8221;{}&#8221; custom_padding__hover=&#8221;|||&#8221;][et_pb_text _builder_version=&#8221;4.17.4&#8243; text_font=&#8221;Muli||||||||&#8221; hover_enabled=&#8221;0&#8243; global_colors_info=&#8221;{}&#8221; sticky_enabled=&#8221;0&#8243;]<\/p>\n<p><strong>Quins avantatges t\u00e9 un centre de negocis respecte a una oficina tradicional?<\/strong><\/p>\n<p><strong><\/strong><\/p>\n<ul>\n<li>Immediatesa: \u201cArribar i Comen\u00e7ar a Treballar.\u201d<\/li>\n<li>Despreocupaci\u00f3 sobre q\u00fcestions d\u2019intend\u00e8ncia di\u00e0ria.<\/li>\n<li>Estalvi econ\u00f2mic-inversi\u00f3: sense risc financer ni inversi\u00f3 en instal\u00b7lacions, equipaments i contractaci\u00f3.<\/li>\n<li>Utilitzaci\u00f3 de sistemes de telecomunicacions pr\u00e8viament instal\u00b7lats.<\/li>\n<li>Disposici\u00f3 de personal competent i experimentat.<\/li>\n<li>Dedicaci\u00f3 exclusiva i permanent a la vostra activitat.<\/li>\n<li>Abaratiment de costos.<\/li>\n<li>Aprofitament d\u2019espais.<\/li>\n<li>Sistemes de comunicaci\u00f3 avan\u00e7ats.<\/li>\n<li>Comptem amb \u00e0rea amb cafetera, tetera, nevera, microones, utensilis.<\/li>\n<\/ul>\n<p>[\/et_pb_text][\/et_pb_column][et_pb_column type=&#8221;1_2&#8243; _builder_version=&#8221;4.16&#8243; custom_padding=&#8221;|||&#8221; global_colors_info=&#8221;{}&#8221; custom_padding__hover=&#8221;|||&#8221;][et_pb_text _builder_version=&#8221;4.17.4&#8243; text_font=&#8221;Muli||||||||&#8221; hover_enabled=&#8221;0&#8243; global_colors_info=&#8221;{}&#8221; sticky_enabled=&#8221;0&#8243;]<\/p>\n<p>Al <strong>Centre de Negocis Tuset<\/strong>\u00a0trobareu solucions per:<\/p>\n<p>&nbsp;<\/p>\n<ul>\n<li>Estalvi de costos.<\/li>\n<li>Augment de la competitivitat.<\/li>\n<li>Renovaci\u00f3 de la imatge corporativa.<\/li>\n<li>Millorar l&#8217;estructura i el funcionament de la vostra empresa.<\/li>\n<li>Augmentar la producci\u00f3 en un ambient idoni.<\/li>\n<li>Expandir el negoci.<\/li>\n<li>Millorar-ne la qualitat de vida, personal i professional.<\/li>\n<\/ul>\n<p>[\/et_pb_text][\/et_pb_column][\/et_pb_row][et_pb_row column_structure=&#8221;1_4,1_4,1_4,1_4&#8243; _builder_version=&#8221;4.16&#8243; background_color=&#8221;#ffffff&#8221; background_size=&#8221;initial&#8221; background_position=&#8221;top_left&#8221; background_repeat=&#8221;repeat&#8221; max_width=&#8221;1430px&#8221; custom_padding=&#8221;0px|0px|27px|0px&#8221; use_custom_width=&#8221;on&#8221; custom_width_px=&#8221;1430px&#8221; global_colors_info=&#8221;{}&#8221; global_module=&#8221;3688&#8243; theme_builder_area=&#8221;post_content&#8221;][et_pb_column type=&#8221;1_4&#8243; _builder_version=&#8221;4.16&#8243; custom_padding=&#8221;|||&#8221; global_colors_info=&#8221;{}&#8221; custom_padding__hover=&#8221;|||&#8221; theme_builder_area=&#8221;post_content&#8221;][et_pb_blurb title=&#8221;Sales de reunions&#8221; use_icon=&#8221;on&#8221; font_icon=&#8221;&#x68;||divi||400&#8243; icon_color=&#8221;#2ea3f2&#8243; image_icon_background_color=&#8221;#ffffff&#8221; image_icon_width=&#8221;48px&#8221; _builder_version=&#8221;4.17.4&#8243; header_level=&#8221;h5&#8243; header_font=&#8221;|600|||||||&#8221; header_line_height=&#8221;1.1em&#8221; body_font=&#8221;||||||||&#8221; background_size=&#8221;initial&#8221; background_position=&#8221;top_left&#8221; background_repeat=&#8221;repeat&#8221; image_icon_custom_padding=&#8221;25px|25px|25px|25px|false|false&#8221; text_orientation=&#8221;center&#8221; border_radii_image=&#8221;on|100%|100%|100%|100%&#8221; use_circle=&#8221;on&#8221; circle_color=&#8221;#ffffff&#8221; global_colors_info=&#8221;{}&#8221; image_icon_background_color__sticky_enabled=&#8221;#7EBEC5&#8243; image_icon_background_color__sticky=&#8221;#7EBEC5&#8243; theme_builder_area=&#8221;post_content&#8221;]<\/p>\n<p><span><a href=\"https:\/\/tusetcn.com\/\"><strong><u>https:\/\/tusetcn.com\/<\/u><\/strong><\/a><\/span><\/p>\n<p>Ofereix proximitat i discreci\u00f3 en tots els nostres serveis. Un atent personal s\u2019assegurar\u00e0 que les seves reunions se celebrin amb \u00e8xit.<\/p>\n<p>[\/et_pb_blurb][\/et_pb_column][et_pb_column type=&#8221;1_4&#8243; _builder_version=&#8221;4.16&#8243; custom_padding=&#8221;|||&#8221; global_colors_info=&#8221;{}&#8221; custom_padding__hover=&#8221;|||&#8221; theme_builder_area=&#8221;post_content&#8221;][et_pb_blurb title=&#8221;Domiciliaci\u00f3 de Societats&#8221; use_icon=&#8221;on&#8221; font_icon=&#8221;&#xe01d;||divi||400&#8243; icon_color=&#8221;#2ea3f2&#8243; image_icon_background_color=&#8221;#ffffff&#8221; image_icon_width=&#8221;48px&#8221; _builder_version=&#8221;4.17.4&#8243; header_level=&#8221;h5&#8243; header_font=&#8221;|600|||||||&#8221; header_line_height=&#8221;1.1em&#8221; background_size=&#8221;initial&#8221; background_position=&#8221;top_left&#8221; background_repeat=&#8221;repeat&#8221; image_icon_custom_padding=&#8221;25px|25px|25px|25px|false|false&#8221; text_orientation=&#8221;center&#8221; border_radii_image=&#8221;on|100%|100%|100%|100%&#8221; use_circle=&#8221;on&#8221; circle_color=&#8221;#ffffff&#8221; global_colors_info=&#8221;{}&#8221; image_icon_background_color__sticky_enabled=&#8221;#7EBEC5&#8243; image_icon_background_color__sticky=&#8221;#7EBEC5&#8243; theme_builder_area=&#8221;post_content&#8221;]<\/p>\n<p><strong>Tuset Centre de Negocis<\/strong><\/p>\n<ul>\n<li><strong> <\/strong>Domiciliaci\u00f3 de societats<strong>,<\/strong><\/li>\n<li><strong> <\/strong>Domicili social i\/o fiscal,<\/li>\n<li><strong> <\/strong>Adre\u00e7a de negocis o Delegaci\u00f3 Comercial. Estem preparats per donar solucions.<\/li>\n<\/ul>\n<p>[\/et_pb_blurb][\/et_pb_column][et_pb_column type=&#8221;1_4&#8243; _builder_version=&#8221;4.16&#8243; custom_padding=&#8221;|||&#8221; global_colors_info=&#8221;{}&#8221; custom_padding__hover=&#8221;|||&#8221; theme_builder_area=&#8221;post_content&#8221;][et_pb_blurb title=&#8221;Despatxos totalment Equipats&#8221; use_icon=&#8221;on&#8221; font_icon=&#8221;&#x76;||divi||400&#8243; icon_color=&#8221;#2ea3f2&#8243; image_icon_background_color=&#8221;#ffffff&#8221; image_icon_width=&#8221;48px&#8221; _builder_version=&#8221;4.17.4&#8243; header_level=&#8221;h5&#8243; header_font=&#8221;|600|||||||&#8221; header_line_height=&#8221;1.1em&#8221; background_size=&#8221;initial&#8221; background_position=&#8221;top_left&#8221; background_repeat=&#8221;repeat&#8221; image_icon_custom_padding=&#8221;25px|25px|25px|25px|false|false&#8221; text_orientation=&#8221;center&#8221; border_radii_image=&#8221;on|100%|100%|100%|100%&#8221; use_circle=&#8221;on&#8221; circle_color=&#8221;#ffffff&#8221; global_colors_info=&#8221;{}&#8221; image_icon_background_color__sticky_enabled=&#8221;#7EBEC5&#8243; image_icon_background_color__sticky=&#8221;#7EBEC5&#8243; theme_builder_area=&#8221;post_content&#8221;]<\/p>\n<p>Oferim despatxos a Barcelona per per\u00edodes personalitzats i completament equipats. Per tal d\u00b4adaptar-nos als nostres clients, no limitem el per\u00edode d\u00b4estada.<\/p>\n<p>[\/et_pb_blurb][\/et_pb_column][et_pb_column type=&#8221;1_4&#8243; _builder_version=&#8221;4.16&#8243; custom_padding=&#8221;|||&#8221; global_colors_info=&#8221;{}&#8221; custom_padding__hover=&#8221;|||&#8221; theme_builder_area=&#8221;post_content&#8221;][et_pb_blurb title=&#8221;Sol\u00b7licita m\u00e9s Informaci\u00f3 Ara&#8221; use_icon=&#8221;on&#8221; font_icon=&#8221;&#x67;||divi||400&#8243; icon_color=&#8221;#2ea3f2&#8243; image_icon_background_color=&#8221;#ffffff&#8221; image_icon_width=&#8221;48px&#8221; _builder_version=&#8221;4.17.4&#8243; header_level=&#8221;h5&#8243; header_font=&#8221;|600|||||||&#8221; header_line_height=&#8221;1.1em&#8221; background_size=&#8221;initial&#8221; background_position=&#8221;top_left&#8221; background_repeat=&#8221;repeat&#8221; image_icon_custom_padding=&#8221;25px|25px|25px|25px|false|false&#8221; text_orientation=&#8221;center&#8221; border_radii_image=&#8221;on|100%|100%|100%|100%&#8221; use_circle=&#8221;on&#8221; circle_color=&#8221;#ffffff&#8221; global_colors_info=&#8221;{}&#8221; image_icon_background_color__sticky_enabled=&#8221;#7EBEC5&#8243; image_icon_background_color__sticky=&#8221;#7EBEC5&#8243; theme_builder_area=&#8221;post_content&#8221;]<\/p>\n<p><strong><b>Tuset Centre de Negocis<\/b><\/strong>\u00a0t\u00e9 a la seva disposici\u00f3 un equip hum\u00e0 la principal missi\u00f3 del qual \u00e9s garantir l&#8217;excel\u00b7l\u00e8ncia en el servei tot aix\u00f2 a la millor zona de Barcelona.<\/p>\n<p>[\/et_pb_blurb][\/et_pb_column][\/et_pb_row][et_pb_row _builder_version=&#8221;4.16&#8243; background_size=&#8221;initial&#8221; background_position=&#8221;top_left&#8221; background_repeat=&#8221;repeat&#8221; custom_padding=&#8221;49px|0px|27px|0px&#8221; global_colors_info=&#8221;{}&#8221;][et_pb_column type=&#8221;4_4&#8243; _builder_version=&#8221;4.16&#8243; custom_padding=&#8221;|||&#8221; global_colors_info=&#8221;{}&#8221; custom_padding__hover=&#8221;|||&#8221;][et_pb_cta title=&#8221;Despatxos a la carta totalment equipats en 24 Hores&#8221; button_url=&#8221;https:\/\/tusetcn.com\/ca\/contactar-amb-centre-de-negocis-a-barcelona\/&#8221; button_text=&#8221;Contacta amb Nosaltres&#8221; _builder_version=&#8221;4.16&#8243; header_font=&#8221;Muli|700|||||||&#8221; header_font_size=&#8221;30px&#8221; body_font=&#8221;Muli|600|||||||&#8221; body_text_color=&#8221;rgba(255,255,255,0.67)&#8221; body_font_size=&#8221;15px&#8221; background_color=&#8221;#0c71c3&#8243; background_color_gradient_direction=&#8221;47deg&#8221; background_size=&#8221;initial&#8221; background_position=&#8221;top_left&#8221; background_repeat=&#8221;repeat&#8221; custom_button=&#8221;on&#8221; button_text_size=&#8221;15px&#8221; button_border_radius=&#8221;32px&#8221; button_font=&#8221;||||||||&#8221; animation_style=&#8221;fade&#8221; animation_starting_opacity=&#8221;15%&#8221; global_colors_info=&#8221;{}&#8221; button_text_size__hover_enabled=&#8221;off&#8221; button_one_text_size__hover_enabled=&#8221;off&#8221; button_two_text_size__hover_enabled=&#8221;off&#8221; button_text_color__hover_enabled=&#8221;off&#8221; button_one_text_color__hover_enabled=&#8221;off&#8221; button_two_text_color__hover_enabled=&#8221;off&#8221; button_border_width__hover_enabled=&#8221;off&#8221; button_one_border_width__hover_enabled=&#8221;off&#8221; button_two_border_width__hover_enabled=&#8221;off&#8221; button_border_color__hover_enabled=&#8221;off&#8221; button_one_border_color__hover_enabled=&#8221;off&#8221; button_two_border_color__hover_enabled=&#8221;off&#8221; button_border_radius__hover_enabled=&#8221;off&#8221; button_one_border_radius__hover_enabled=&#8221;off&#8221; button_two_border_radius__hover_enabled=&#8221;off&#8221; button_letter_spacing__hover_enabled=&#8221;off&#8221; button_one_letter_spacing__hover_enabled=&#8221;off&#8221; button_two_letter_spacing__hover_enabled=&#8221;off&#8221; button_bg_color__hover_enabled=&#8221;off&#8221; button_one_bg_color__hover_enabled=&#8221;off&#8221; button_two_bg_color__hover_enabled=&#8221;off&#8221;]<\/p>\n<p>Centre de Negocis en el cor de Barcelona situat al prestigi\u00f3s carrer Tuset. Combina la seva privilegiada ubicaci\u00f3 al centre de la ciutat amb un servei de cinc estrelles.<\/p>\n<h4>El teu centre de negocis<\/h4>\n<h2>+34 93 1 770 777<\/h2>\n<p>[\/et_pb_cta][\/et_pb_column][\/et_pb_row][et_pb_row _builder_version=&#8221;4.16&#8243; global_colors_info=&#8221;{}&#8221;][et_pb_column type=&#8221;4_4&#8243; _builder_version=&#8221;4.16&#8243; custom_padding=&#8221;|||&#8221; global_colors_info=&#8221;{}&#8221; custom_padding__hover=&#8221;|||&#8221;][et_pb_text _builder_version=&#8221;4.16.0&#8243; global_colors_info=&#8221;{}&#8221;]<\/p>\n<p style=\"text-align: center;\"><strong><span class=\"s1\">Tuset Centre de Negocis, Barcelona<\/span><\/strong><\/p>\n<p style=\"text-align: center;\"><span class=\"s1\">Tuset 23-25<span>\u00a0<\/span><\/span><span class=\"s1\">\u00e0tic porta 7-8<span>\u00a0<\/span><\/span><span class=\"s1\"><\/span>\u2013 08006 Barcelona<br \/>Tel. +34 93 177 07 77 \u2013 Tel. +34 661 97 30 19<br \/><a href=\"mailto:info@tusetcn.com\">info@tusetcn.com<\/a><\/p>\n<p style=\"text-align: center;\">\n<p style=\"text-align: center;\"><img decoding=\"async\" class=\"wp-image-394 alignnone size-full lazyload\" data-src=\"..\/..\/wp-content\/uploads\/2018\/02\/Logo-TCDN-abreviado-1.png\" alt=\"\" width=\"242\" height=\"109\" src=\"data:image\/gif;base64,R0lGODlhAQABAAAAACH5BAEKAAEALAAAAAABAAEAAAICTAEAOw==\" style=\"--smush-placeholder-width: 242px; --smush-placeholder-aspect-ratio: 242\/109;\" \/><\/p>\n<p>[\/et_pb_text][\/et_pb_column][\/et_pb_row][\/et_pb_section]<\/p>\n","protected":false},"excerpt":{"rendered":"<p>Quins avantatges t\u00e9 un centre de negocis respecte a una oficina tradicional?Quins avantatges t\u00e9 un centre de negocis respecte a una oficina tradicional? Immediatesa: \u201cArribar i Comen\u00e7ar a Treballar.\u201d Despreocupaci\u00f3 sobre q\u00fcestions d\u2019intend\u00e8ncia di\u00e0ria. Estalvi econ\u00f2mic-inversi\u00f3: sense risc financer ni inversi\u00f3 en instal\u00b7lacions, equipaments i contractaci\u00f3. Utilitzaci\u00f3 de sistemes de telecomunicacions pr\u00e8viament instal\u00b7lats. Disposici\u00f3 de [&hellip;]<\/p>\n","protected":false},"author":2,"featured_media":0,"parent":0,"menu_order":0,"comment_status":"closed","ping_status":"closed","template":"","meta":{"_et_pb_use_builder":"on","_et_pb_old_content":"<p>ntajas<\/p>","_et_gb_content_width":"","footnotes":""},"class_list":["post-1380","page","type-page","status-publish","hentry"],"yoast_head":"<!-- This site is optimized with the Yoast SEO plugin v25.0 - https:\/\/yoast.com\/wordpress\/plugins\/seo\/ -->\n<title>Avantatges - TusetCN Barcelona<\/title>\n<meta name=\"description\" content=\". Despatxos Totalment Equipats. Oferim lloguer d\u2019oficines a Barcelona per per\u00edodes personalitzats. La flexibilitat de les nostres instal.lacions ens permet acompanyar-los en el seu creixement i en les seves futures necessitats.\" \/>\n<meta name=\"robots\" content=\"index, follow, max-snippet:-1, max-image-preview:large, max-video-preview:-1\" \/>\n<link rel=\"canonical\" href=\"https:\/\/tusetcn.com\/ca\/avantatges-del-centre-de-negocis-a-barcelona\/\" \/>\n<meta property=\"og:locale\" content=\"ca_ES\" \/>\n<meta property=\"og:type\" content=\"article\" \/>\n<meta property=\"og:title\" content=\"Avantatges - TusetCN Barcelona\" \/>\n<meta property=\"og:description\" content=\". Despatxos Totalment Equipats. Oferim lloguer d\u2019oficines a Barcelona per per\u00edodes personalitzats. La flexibilitat de les nostres instal.lacions ens permet acompanyar-los en el seu creixement i en les seves futures necessitats.\" \/>\n<meta property=\"og:url\" content=\"https:\/\/tusetcn.com\/ca\/avantatges-del-centre-de-negocis-a-barcelona\/\" \/>\n<meta property=\"og:site_name\" content=\"Tuset Centre de Negocis Barcelona. Oficines i despatxos totalment equipats per llogar.\" \/>\n<meta property=\"article:publisher\" content=\"https:\/\/es-es.facebook.com\/tusetcn\/\" \/>\n<meta property=\"article:modified_time\" content=\"2022-06-23T15:35:24+00:00\" \/>\n<meta name=\"twitter:card\" content=\"summary_large_image\" \/>\n<meta name=\"twitter:site\" content=\"@tusetcn\" \/>\n<meta name=\"twitter:label1\" content=\"Temps estimat de lectura\" \/>\n\t<meta name=\"twitter:data1\" content=\"8 minuts\" \/>\n<script type=\"application\/ld+json\" class=\"yoast-schema-graph\">{\"@context\":\"https:\/\/schema.org\",\"@graph\":[{\"@type\":\"WebPage\",\"@id\":\"https:\/\/tusetcn.com\/ca\/avantatges-del-centre-de-negocis-a-barcelona\/\",\"url\":\"https:\/\/tusetcn.com\/ca\/avantatges-del-centre-de-negocis-a-barcelona\/\",\"name\":\"Avantatges - TusetCN Barcelona\",\"isPartOf\":{\"@id\":\"https:\/\/tusetcn.com\/#website\"},\"datePublished\":\"2018-04-10T14:50:55+00:00\",\"dateModified\":\"2022-06-23T15:35:24+00:00\",\"description\":\". Despatxos Totalment Equipats. Oferim lloguer d\u2019oficines a Barcelona per per\u00edodes personalitzats. La flexibilitat de les nostres instal.lacions ens permet acompanyar-los en el seu creixement i en les seves futures necessitats.\",\"breadcrumb\":{\"@id\":\"https:\/\/tusetcn.com\/ca\/avantatges-del-centre-de-negocis-a-barcelona\/#breadcrumb\"},\"inLanguage\":\"ca\",\"potentialAction\":[{\"@type\":\"ReadAction\",\"target\":[\"https:\/\/tusetcn.com\/ca\/avantatges-del-centre-de-negocis-a-barcelona\/\"]}]},{\"@type\":\"BreadcrumbList\",\"@id\":\"https:\/\/tusetcn.com\/ca\/avantatges-del-centre-de-negocis-a-barcelona\/#breadcrumb\",\"itemListElement\":[{\"@type\":\"ListItem\",\"position\":1,\"name\":\"Portada\",\"item\":\"https:\/\/tusetcn.com\/ca\/\"},{\"@type\":\"ListItem\",\"position\":2,\"name\":\"Avantatges\"}]},{\"@type\":\"WebSite\",\"@id\":\"https:\/\/tusetcn.com\/#website\",\"url\":\"https:\/\/tusetcn.com\/\",\"name\":\"Tuset Centre de Negocis Barcelona. Oficines i despatxos totalment equipats per llogar.\",\"description\":\"Centre de Negocis Tuset\",\"publisher\":{\"@id\":\"https:\/\/tusetcn.com\/#organization\"},\"potentialAction\":[{\"@type\":\"SearchAction\",\"target\":{\"@type\":\"EntryPoint\",\"urlTemplate\":\"https:\/\/tusetcn.com\/?s={search_term_string}\"},\"query-input\":{\"@type\":\"PropertyValueSpecification\",\"valueRequired\":true,\"valueName\":\"search_term_string\"}}],\"inLanguage\":\"ca\"},{\"@type\":\"Organization\",\"@id\":\"https:\/\/tusetcn.com\/#organization\",\"name\":\"TUSET Centre de Negocis\",\"url\":\"https:\/\/tusetcn.com\/\",\"logo\":{\"@type\":\"ImageObject\",\"inLanguage\":\"ca\",\"@id\":\"https:\/\/tusetcn.com\/#\/schema\/logo\/image\/\",\"url\":\"https:\/\/tusetcn.com\/wp-content\/uploads\/2018\/02\/tuset-centre-de-negocis-logo-sup-eng.gif\",\"contentUrl\":\"https:\/\/tusetcn.com\/wp-content\/uploads\/2018\/02\/tuset-centre-de-negocis-logo-sup-eng.gif\",\"width\":172,\"height\":169,\"caption\":\"TUSET Centre de Negocis\"},\"image\":{\"@id\":\"https:\/\/tusetcn.com\/#\/schema\/logo\/image\/\"},\"sameAs\":[\"https:\/\/es-es.facebook.com\/tusetcn\/\",\"https:\/\/x.com\/tusetcn\"]}]}<\/script>\n<!-- \/ Yoast SEO plugin. -->","yoast_head_json":{"title":"Avantatges - TusetCN Barcelona","description":". Despatxos Totalment Equipats. Oferim lloguer d\u2019oficines a Barcelona per per\u00edodes personalitzats. La flexibilitat de les nostres instal.lacions ens permet acompanyar-los en el seu creixement i en les seves futures necessitats.","robots":{"index":"index","follow":"follow","max-snippet":"max-snippet:-1","max-image-preview":"max-image-preview:large","max-video-preview":"max-video-preview:-1"},"canonical":"https:\/\/tusetcn.com\/ca\/avantatges-del-centre-de-negocis-a-barcelona\/","og_locale":"ca_ES","og_type":"article","og_title":"Avantatges - TusetCN Barcelona","og_description":". Despatxos Totalment Equipats. Oferim lloguer d\u2019oficines a Barcelona per per\u00edodes personalitzats. La flexibilitat de les nostres instal.lacions ens permet acompanyar-los en el seu creixement i en les seves futures necessitats.","og_url":"https:\/\/tusetcn.com\/ca\/avantatges-del-centre-de-negocis-a-barcelona\/","og_site_name":"Tuset Centre de Negocis Barcelona. Oficines i despatxos totalment equipats per llogar.","article_publisher":"https:\/\/es-es.facebook.com\/tusetcn\/","article_modified_time":"2022-06-23T15:35:24+00:00","twitter_card":"summary_large_image","twitter_site":"@tusetcn","twitter_misc":{"Temps estimat de lectura":"8 minuts"},"schema":{"@context":"https:\/\/schema.org","@graph":[{"@type":"WebPage","@id":"https:\/\/tusetcn.com\/ca\/avantatges-del-centre-de-negocis-a-barcelona\/","url":"https:\/\/tusetcn.com\/ca\/avantatges-del-centre-de-negocis-a-barcelona\/","name":"Avantatges - TusetCN Barcelona","isPartOf":{"@id":"https:\/\/tusetcn.com\/#website"},"datePublished":"2018-04-10T14:50:55+00:00","dateModified":"2022-06-23T15:35:24+00:00","description":". Despatxos Totalment Equipats. Oferim lloguer d\u2019oficines a Barcelona per per\u00edodes personalitzats. La flexibilitat de les nostres instal.lacions ens permet acompanyar-los en el seu creixement i en les seves futures necessitats.","breadcrumb":{"@id":"https:\/\/tusetcn.com\/ca\/avantatges-del-centre-de-negocis-a-barcelona\/#breadcrumb"},"inLanguage":"ca","potentialAction":[{"@type":"ReadAction","target":["https:\/\/tusetcn.com\/ca\/avantatges-del-centre-de-negocis-a-barcelona\/"]}]},{"@type":"BreadcrumbList","@id":"https:\/\/tusetcn.com\/ca\/avantatges-del-centre-de-negocis-a-barcelona\/#breadcrumb","itemListElement":[{"@type":"ListItem","position":1,"name":"Portada","item":"https:\/\/tusetcn.com\/ca\/"},{"@type":"ListItem","position":2,"name":"Avantatges"}]},{"@type":"WebSite","@id":"https:\/\/tusetcn.com\/#website","url":"https:\/\/tusetcn.com\/","name":"Tuset Centre de Negocis Barcelona. Oficines i despatxos totalment equipats per llogar.","description":"Centre de Negocis Tuset","publisher":{"@id":"https:\/\/tusetcn.com\/#organization"},"potentialAction":[{"@type":"SearchAction","target":{"@type":"EntryPoint","urlTemplate":"https:\/\/tusetcn.com\/?s={search_term_string}"},"query-input":{"@type":"PropertyValueSpecification","valueRequired":true,"valueName":"search_term_string"}}],"inLanguage":"ca"},{"@type":"Organization","@id":"https:\/\/tusetcn.com\/#organization","name":"TUSET Centre de Negocis","url":"https:\/\/tusetcn.com\/","logo":{"@type":"ImageObject","inLanguage":"ca","@id":"https:\/\/tusetcn.com\/#\/schema\/logo\/image\/","url":"https:\/\/tusetcn.com\/wp-content\/uploads\/2018\/02\/tuset-centre-de-negocis-logo-sup-eng.gif","contentUrl":"https:\/\/tusetcn.com\/wp-content\/uploads\/2018\/02\/tuset-centre-de-negocis-logo-sup-eng.gif","width":172,"height":169,"caption":"TUSET Centre de Negocis"},"image":{"@id":"https:\/\/tusetcn.com\/#\/schema\/logo\/image\/"},"sameAs":["https:\/\/es-es.facebook.com\/tusetcn\/","https:\/\/x.com\/tusetcn"]}]}},"_links":{"self":[{"href":"https:\/\/tusetcn.com\/ca\/wp-json\/wp\/v2\/pages\/1380","targetHints":{"allow":["GET"]}}],"collection":[{"href":"https:\/\/tusetcn.com\/ca\/wp-json\/wp\/v2\/pages"}],"about":[{"href":"https:\/\/tusetcn.com\/ca\/wp-json\/wp\/v2\/types\/page"}],"author":[{"embeddable":true,"href":"https:\/\/tusetcn.com\/ca\/wp-json\/wp\/v2\/users\/2"}],"replies":[{"embeddable":true,"href":"https:\/\/tusetcn.com\/ca\/wp-json\/wp\/v2\/comments?post=1380"}],"version-history":[{"count":10,"href":"https:\/\/tusetcn.com\/ca\/wp-json\/wp\/v2\/pages\/1380\/revisions"}],"predecessor-version":[{"id":3725,"href":"https:\/\/tusetcn.com\/ca\/wp-json\/wp\/v2\/pages\/1380\/revisions\/3725"}],"wp:attachment":[{"href":"https:\/\/tusetcn.com\/ca\/wp-json\/wp\/v2\/media?parent=1380"}],"curies":[{"name":"wp","href":"https:\/\/api.w.org\/{rel}","templated":true}]}}