{"id":1374,"date":"2018-04-10T14:09:16","date_gmt":"2018-04-10T14:09:16","guid":{"rendered":"https:\/\/tusetcn.com\/politica-de-xarxes-socials\/"},"modified":"2020-04-01T16:41:23","modified_gmt":"2020-04-01T14:41:23","slug":"politica-de-xarxes-socials","status":"publish","type":"page","link":"https:\/\/tusetcn.com\/ca\/politica-de-xarxes-socials\/","title":{"rendered":"Pol\u00edtica de xarxes socials"},"content":{"rendered":"<p>[et_pb_section fb_built=&#8221;1&#8243; fullwidth=&#8221;on&#8221; disabled_on=&#8221;off|off|off&#8221; admin_label=&#8221;Hero&#8221; _builder_version=&#8221;3.22&#8243; background_color=&#8221;#0c71c3&#8243; parallax=&#8221;on&#8221; custom_padding=&#8221;|||&#8221;][et_pb_fullwidth_header title=&#8221;Pol\u00edtica de xarxes socials&#8221; text_orientation=&#8221;center&#8221; background_overlay_color=&#8221;rgba(12,113,195,0.59)&#8221; _builder_version=&#8221;3.16&#8243; title_font=&#8221;Muli|700|||||||&#8221; title_text_color=&#8221;#ffffff&#8221; title_font_size=&#8221;55px&#8221; title_line_height=&#8221;1.3em&#8221; content_font=&#8221;Muli|600|||||||&#8221; content_text_color=&#8221;#ffffff&#8221; content_font_size=&#8221;18px&#8221; content_line_height=&#8221;1.8em&#8221; subhead_font=&#8221;Montserrat||||&#8221; subhead_text_color=&#8221;#bebebe&#8221; subhead_line_height=&#8221;1.8em&#8221; background_color=&#8221;rgba(255, 255, 255, 0)&#8221; background_image=&#8221;https:\/\/tusetcn.com\/wp-content\/uploads\/2018\/02\/slider-home1.jpg&#8221; custom_button_two=&#8221;on&#8221; button_two_text_size=&#8221;15px&#8221; button_two_text_color=&#8221;#ffffff&#8221; button_two_bg_color=&#8221;#0c71c3&#8243; button_two_border_width=&#8221;0px&#8221; button_two_border_color=&#8221;rgba(146,155,21,0)&#8221; button_two_border_radius=&#8221;22px&#8221; button_two_letter_spacing=&#8221;1px&#8221; button_two_font=&#8221;Muli|600||on|||||&#8221; button_two_icon=&#8221;%%20%%&#8221; max_width_tablet=&#8221;50px&#8221; custom_margin=&#8221;|||&#8221; custom_padding=&#8221;5%||5%|&#8221; animation_style=&#8221;zoom&#8221; animation_duration=&#8221;1500ms&#8221; animation_intensity_zoom=&#8221;4%&#8221; title_font_size_tablet=&#8221;&#8221; title_font_size_phone=&#8221;50px&#8221; title_font_size_last_edited=&#8221;on|phone&#8221; title_line_height_last_edited=&#8221;off|desktop&#8221; button_two_letter_spacing_hover=&#8221;1px&#8221; button_one_text_size__hover_enabled=&#8221;off&#8221; button_two_text_size__hover_enabled=&#8221;off&#8221; button_one_text_color__hover_enabled=&#8221;off&#8221; button_two_text_color__hover_enabled=&#8221;off&#8221; button_one_border_width__hover_enabled=&#8221;off&#8221; button_two_border_width__hover_enabled=&#8221;off&#8221; button_one_border_color__hover_enabled=&#8221;off&#8221; button_two_border_color__hover_enabled=&#8221;off&#8221; button_one_border_radius__hover_enabled=&#8221;off&#8221; button_two_border_radius__hover_enabled=&#8221;off&#8221; button_one_letter_spacing__hover_enabled=&#8221;off&#8221; button_two_letter_spacing__hover_enabled=&#8221;on&#8221; button_two_letter_spacing__hover=&#8221;1px&#8221; button_one_bg_color__hover_enabled=&#8221;off&#8221; button_two_bg_color__hover_enabled=&#8221;off&#8221;][\/et_pb_fullwidth_header][\/et_pb_section][et_pb_section fb_built=&#8221;1&#8243; _builder_version=&#8221;3.22&#8243;][et_pb_row _builder_version=&#8221;3.25&#8243;][et_pb_column type=&#8221;4_4&#8243; _builder_version=&#8221;3.25&#8243; custom_padding=&#8221;|||&#8221; custom_padding__hover=&#8221;|||&#8221;][et_pb_text _builder_version=&#8221;3.27.4&#8243;]<strong>Pol\u00edtica de xarxes socials<\/strong><\/p>\n<p><strong>1 . Informaci\u00f3 sobre el responsable del tractament de les dades allotjades a la p\u00e0gina oficial de TUSET CENTRE DE NEGOCIS, S.L. a la xarxa social<\/strong><\/p>\n<p>En compliment del que disposa la Llei Org\u00e0nica 15\/1999 , de 13 de desembre , de Protecci\u00f3 de Dades de Car\u00e0cter Personal (en endavant LOPD ) i el Reial Decret 1720 \/2007, de 21 de desembre , pel qual s&#8217;aprova el Reglament de desenvolupament de la LOPD ( en endavant, RDLOPD ) <strong>TUSET CENTRE DE NEGOCIS, S.L.<\/strong> desitja posar en coneixement dels usuaris d&#8217;aquesta xarxa social la pol\u00edtica respecte del tractament i protecci\u00f3 de les dades de car\u00e0cter personal d&#8217;aquelles persones que volunt\u00e0riament accedeixen i utilitzen la p\u00e0gina oficial de <strong>TUSET CENTRE DE NEGOCIS, S.L.<\/strong> en la mateixa . L&#8217;acc\u00e9s i \u00fas per l&#8217;usuari d&#8217;aquesta p\u00e0gina oficial de <strong>TUSET CENTRE DE NEGOCIS, S.L.<\/strong> suposa que accepta expressament aquesta pol\u00edtica de privacitat i que presta el seu consentiment per al tractament de les seves dades personals segons el que preveu la mateixa .<\/p>\n<p><strong>2 . Dades de menors d&#8217;edat o incapa\u00e7os<\/strong><\/p>\n<p>L&#8217;acc\u00e9s i registre en aquesta xarxa social est\u00e0 prohibit als menors de catorze ( 14 ) anys , de manera que igualment queda prohibit l&#8217;acc\u00e9s i \u00fas dels menors de catorze ( 14 anys) a la p\u00e0gina oficial de <strong>TUSET CENTRE DE NEGOCIS, S.L. <\/strong>en la mateixa . Per la seva banda, si l&#8217;usuari \u00e9s incapa\u00e7 , <strong>TUSET CENTRE DE NEGOCIS, S.L.<\/strong> adverteix que ser\u00e0 necess\u00e0ria l&#8217;assist\u00e8ncia consentida del titular de la p\u00e0tria potestat o tutela de l&#8217;usuari o el seu representant legal per a l&#8217;acc\u00e9s i \u00fas d&#8217;aquesta p\u00e0gina oficial de <strong>TUSET CENTRE DE NEGOCIS, S.L.<\/strong> . <strong>TUSET CENTRE DE NEGOCIS, S.L.<\/strong> quedar\u00e0 expressament exonerada de qualsevol responsabilitat que pogu\u00e9s derivar de l&#8217;\u00fas de la seva p\u00e0gina oficial per menors i incapa\u00e7os sent aquesta responsabilitat dels seus representants legals en cada cas .<\/p>\n<p><strong>3 . Identificaci\u00f3 de la ra\u00f3 social del responsable del fitxer<\/strong><\/p>\n<p>L&#8217;usuari queda informat que <strong>TUSET CENTRE DE NEGOCIS, S.L.<\/strong> , amb domicili social a <strong>C\/ TUSET, 23-25, 4\u00aa PLANTA &#8211; 08006 BARCELONA<\/strong> , ostenta la condici\u00f3 de responsable dels fitxers i tractaments a trav\u00e9s dels quals es recullen i emmagatzemen les dades personals de l&#8217;usuari com a conseq\u00fc\u00e8ncia del registre i \u00fas de la p\u00e0gina oficial de <strong>TUSET CENTRE DE NEGOCIS, S.L.<\/strong> en aquesta xarxa social , sense perjudici dels tractaments dels que \u00e9s responsable l&#8217;entitat titular de la xarxa social en qu\u00e8 es troba la nostra p\u00e0gina oficial .<\/p>\n<p><strong>4 . Finalitats a qu\u00e8 es destinen les dades de car\u00e0cter personal , informaci\u00f3 i consentiment<\/strong><\/p>\n<p>Les dades personals proporcionades volunt\u00e0riament per l&#8217;usuari a <strong>TUSET CENTRE DE NEGOCIS, S.L.<\/strong> a trav\u00e9s de la seva p\u00e0gina oficial formaran part d&#8217;un tractament de dades responsabilitat de <strong>TUSET CENTRE DE NEGOCIS, S.L. <\/strong>amb la finalitat d&#8217;oferir informaci\u00f3 de <strong>TUSET CENTRE DE NEGOCIS, S.L.<\/strong> , per correu electr\u00f2nic , fax , SMS , MMS , comunitats socials o qualssevol altre mitj\u00e0 electr\u00f2nic o f\u00edsic , present o futur , que possibiliti realitzar comunicaci\u00f3 comercials , enviament de newsletter a aquells usuaris que es subscriguin , intercanviar informaci\u00f3 amb <strong>TUSET CENTRE DE NEGOCIS, S.L. <\/strong>i altres usuaris i establir comunicaci\u00f3 amb tercers .<\/p>\n<p>Des del moment en qu\u00e8 l&#8217;usuari utilitza aquesta p\u00e0gina oficial presta el seu consentiment lliure , inequ\u00edvoc , espec\u00edfic , informat i expr\u00e9s per al tractament de les seves dades personals per <strong>TUSET CENTRE DE NEGOCIS, S.L.<\/strong> per a la correcta prestaci\u00f3 d&#8217;aquests serveis d&#8217;acord amb el que estableix la present pol\u00edtica .<\/p>\n<p>L&#8217;usuari \u00e9s lliure d&#8217;utilitzar la p\u00e0gina oficial de <strong>TUSET CENTRE DE NEGOCIS, S.L. <\/strong>en aquesta xarxa social , de manera que en cas que l&#8217;usuari no estigui d&#8217;acord amb el tractament de les seves dades amb aquestes finalitats , no ha d&#8217; utilitzar- ni proporcionar les seves dades personals .<\/p>\n<p>A trav\u00e9s d&#8217;aquesta p\u00e0gina oficial de <strong>TUSET CENTRE DE NEGOCIS, S.L. <\/strong>l&#8217;usuari pot compartir textos , fotos , v\u00eddeos i altre tipus d&#8217;informaci\u00f3 i \/ o continguts que estaran subjectes tant a la present pol\u00edtica com a les Normes i Condicions de la Plataforma . L&#8217;usuari ser\u00e0 responsable de que tots els continguts que publiqui respectin la legislaci\u00f3 vigent , la present pol\u00edtica i les Normes de la Plataforma.<\/p>\n<p>L&#8217;usuari \u00fanicament podr\u00e0 publicar en aquesta p\u00e0gina oficial de <strong>TUSET CENTRE DE NEGOCIS, S.L.<\/strong> dades personals , fotografies i informacions o altres continguts la titularitat i propietat li pertanyin o respecte de les quals tingui l&#8217;autoritzaci\u00f3 de tercers .<\/p>\n<p><strong>TUSET CENTRE DE NEGOCIS, S.L.<\/strong> tindr\u00e0 dret a eliminar d&#8217;aquesta p\u00e0gina oficial &#8211; de forma unilateral i sense pr\u00e8via comunicaci\u00f3 ni autoritzaci\u00f3 de l&#8217;usuari- qualssevol continguts publicats per l&#8217;usuari quan l&#8217;usuari infringeixi o vulneri la legislaci\u00f3 vigent, les normes establertes en aquesta pol\u00edtica i les Normes de la Plataforma .<\/p>\n<p><strong>5 . Identificaci\u00f3 dels destinataris respecte dels quals TUSET CENTRE DE NEGOCIS, S.L. tingui previst la realitzaci\u00f3 de cessions o comunicacions de dades<\/strong><\/p>\n<p>S&#8217;adverteix a l&#8217;usuari que tota la informaci\u00f3 i continguts que publiqui a la p\u00e0gina oficial de <strong>TUSET CENTRE DE NEGOCIS, S.L.<\/strong> a la xarxa social podr\u00e0 ser coneguda pels restants usuaris de la p\u00e0gina oficial i de la plataforma de xarxa social. En conseq\u00fc\u00e8ncia, tota la informaci\u00f3 i continguts publicats per l&#8217;usuari a la p\u00e0gina oficial de <strong>TUSET CENTRE DE NEGOCIS, S.L.<\/strong> en aquesta xarxa social ser\u00e0 objecte de comunicaci\u00f3 de la resta dels usuaris per la pr\u00f2pia naturalesa del servei .<\/p>\n<p><strong>TUSET CENTRE DE NEGOCIS, S.L.<\/strong> \u00fanicament t\u00e9 prevista la realitzaci\u00f3 de cessions o comunicacions de dades que per ra\u00f3 de la normativa vigent hagi de realitzar a jutges, tribunals, administracions p\u00fabliques i autoritats competents de car\u00e0cter administratiu .<\/p>\n<p><strong>6 . Altres tercers prestadors de serveis<\/strong><\/p>\n<p><strong> TUSET CENTRE DE NEGOCIS, S.L.<\/strong> adverteix l&#8217;usuari que aquesta entitat nom\u00e9s \u00e9s responsable i garanteix la confidencialitat, seguretat i tractament de les dades d&#8217;acord amb la present pol\u00edtica, respecte de les dades de car\u00e0cter personal que reculli l&#8217;usuari a trav\u00e9s de la present p\u00e0gina oficial en aquesta xarxa social, no tenint cap tipus de responsabilitat respecte dels tractaments i posteriors utilitzacions de les dades personals que es puguin efectuar tant pel titular de la xarxa social com per tercers prestadors de serveis de la societat de la informaci\u00f3 que poguessin accedir a aquestes dades per ra\u00f3 de la prestaci\u00f3 dels seus serveis o exercici de la seva activitat, tercers que estableixin hiperenlla\u00e7os a la xarxa social, ni d&#8217;aquells responsables a qui a trav\u00e9s d&#8217;hiperenlla\u00e7os <strong>TUSET CENTRE DE NEGOCIS, S.L.<\/strong> remet als usuaris adherits a la present p\u00e0gina oficial .<\/p>\n<p><strong>7 . Qualitat de les dades<\/strong><\/p>\n<p><strong>TUSET CENTRE DE NEGOCIS, S.L.<\/strong> adverteix l&#8217;usuari que, llevat l&#8217;exist\u00e8ncia d&#8217;una representaci\u00f3 legalment constitu\u00efda , cap usuari pot utilitzar la identitat d&#8217;una altra persona i comunicar les seves dades personals, de manera que l&#8217; usuari en tot moment haur\u00e0 de tenir en compte que nom\u00e9s pot proporcionar dades personals corresponents a la seva pr\u00f2pia identitat i que siguin adequades, pertinents, actuals, exactes i veritables. En qualsevol cas, l&#8217;usuari haur\u00e0 de respectar la privacitat de tercers, siguin aquests usuaris o no de la xarxa social o de la p\u00e0gina oficial de <strong>TUSET CENTRE DE NEGOCIS, S.L.<\/strong> en la mateixa.<\/p>\n<p><strong>8 . Exercici dels drets d&#8217;acc\u00e9s , rectificaci\u00f3 , cancel\u00b7laci\u00f3 i oposici\u00f3 de les dades<\/strong><\/p>\n<p><strong>TUSET CENTRE DE NEGOCIS, S.L.<\/strong> informa a l&#8217;usuari de la possibilitat d&#8217; exercir els drets d&#8217; acc\u00e9s , rectificaci\u00f3 , cancel\u00b7laci\u00f3 i oposici\u00f3 mitjan\u00e7ant sol \u00b7 licitud escrita dirigida a <strong>TUSET CENTRE DE NEGOCIS, S.L.<\/strong> amb domicili social a <strong>C\/ TUSET, 23-25, 4\u00aa PLANTA &#8211; 08006 BARCELONA<\/strong>, o aquella que li substitueixi i es comuniqui al Registre General de Protecci\u00f3 de Dades. A aquests efectes, l&#8217;interessat haur\u00e0 d&#8217;enviar a <strong>TUSET CENTRE DE NEGOCIS, S.L.<\/strong> la comunicaci\u00f3 escrita indicant la petici\u00f3 o dret que exercita juntament amb una c\u00f2pia del seu DNI o document v\u00e0lid en dret que acrediti la seva identitat, indicant expressament el seu nom d&#8217;usuari a la p\u00e0gina oficial de <strong>TUSET CENTRE DE NEGOCIS, S.L.<\/strong> en la xarxa social, per tal d&#8217;identificar inequ\u00edvocament.<\/p>\n<p><strong>9 . Altra informaci\u00f3 d&#8217;inter\u00e8s<\/strong><\/p>\n<p><strong>TUSET CENTRE DE NEGOCIS, S.L.<\/strong> podr\u00e0 modificar i \/ o substituir en qualsevol moment la present pol\u00edtica que, segons els casos, substituir\u00e0, completar\u00e0 i\/o modificar\u00e0 la actualment publicada aqu\u00ed recollida. Per aix\u00f2 l&#8217;usuari haur\u00e0 d&#8217;accedir peri\u00f2dicament a aquestes per tal de mantenir actualitzat .<\/p>\n<p>L&#8217;usuari pot contactar amb <strong>TUSET CENTRE DE NEGOCIS, S.L.<\/strong> mitjan\u00e7ant el servei de missatgeria interna de la xarxa social o a trav\u00e9s de les seg\u00fcents adreces i dades de contacte :<\/p>\n<p><strong>TUSET CENTRE DE NEGOCIS, S.L.<\/strong><br \/>\nDomicili : <strong>C\/ TUSET, 23-25, 4\u00aa PLANTA &#8211; 08006 BARCELONA<\/strong><br \/>\nEmail : <a href=\"mailto:info@tusetcn.com\"><strong>info@tusetcn.com<\/strong><\/a><\/p>\n<p>Aix\u00ed mateix l&#8217; usuari pot consultar les normes i pol\u00edtiques publicades pel titular de la xarxa social per a l&#8217;\u00fas de la mateixa.<br \/>\n[\/et_pb_text][\/et_pb_column][\/et_pb_row][\/et_pb_section]<\/p>\n","protected":false},"excerpt":{"rendered":"<p>Pol\u00edtica de xarxes socials 1 . Informaci\u00f3 sobre el responsable del tractament de les dades allotjades a la p\u00e0gina oficial de TUSET CENTRE DE NEGOCIS, S.L. a la xarxa social En compliment del que disposa la Llei Org\u00e0nica 15\/1999 , de 13 de desembre , de Protecci\u00f3 de Dades de Car\u00e0cter Personal (en endavant LOPD [&hellip;]<\/p>\n","protected":false},"author":2,"featured_media":0,"parent":0,"menu_order":0,"comment_status":"closed","ping_status":"closed","template":"","meta":{"_et_pb_use_builder":"on","_et_pb_old_content":"<p>Politica de redes sociales<\/p>","_et_gb_content_width":"","footnotes":""},"class_list":["post-1374","page","type-page","status-publish","hentry"],"yoast_head":"<!-- This site is optimized with the Yoast SEO plugin v25.0 - https:\/\/yoast.com\/wordpress\/plugins\/seo\/ -->\n<title>Pol\u00edtica de xarxes socials - TusetCN Barcelona<\/title>\n<meta name=\"description\" content=\". Despatxos Totalment Equipats. Oferim lloguer d\u2019oficines a Barcelona per per\u00edodes personalitzats. La flexibilitat de les nostres instal.lacions ens permet acompanyar-los en el seu creixement i en les seves futures necessitats.\" \/>\n<meta name=\"robots\" content=\"noindex, follow\" \/>\n<meta property=\"og:locale\" content=\"ca_ES\" \/>\n<meta property=\"og:type\" content=\"article\" \/>\n<meta property=\"og:title\" content=\"Pol\u00edtica de xarxes socials - TusetCN Barcelona\" \/>\n<meta property=\"og:description\" content=\". Despatxos Totalment Equipats. Oferim lloguer d\u2019oficines a Barcelona per per\u00edodes personalitzats. La flexibilitat de les nostres instal.lacions ens permet acompanyar-los en el seu creixement i en les seves futures necessitats.\" \/>\n<meta property=\"og:url\" content=\"https:\/\/tusetcn.com\/ca\/politica-de-xarxes-socials\/\" \/>\n<meta property=\"og:site_name\" content=\"Tuset Centre de Negocis Barcelona. Oficines i despatxos totalment equipats per llogar.\" \/>\n<meta property=\"article:publisher\" content=\"https:\/\/es-es.facebook.com\/tusetcn\/\" \/>\n<meta property=\"article:modified_time\" content=\"2020-04-01T14:41:23+00:00\" \/>\n<meta name=\"twitter:card\" content=\"summary_large_image\" \/>\n<meta name=\"twitter:site\" content=\"@tusetcn\" \/>\n<meta name=\"twitter:label1\" content=\"Temps estimat de lectura\" \/>\n\t<meta name=\"twitter:data1\" content=\"9 minuts\" \/>\n<script type=\"application\/ld+json\" class=\"yoast-schema-graph\">{\"@context\":\"https:\/\/schema.org\",\"@graph\":[{\"@type\":\"WebPage\",\"@id\":\"https:\/\/tusetcn.com\/ca\/politica-de-xarxes-socials\/\",\"url\":\"https:\/\/tusetcn.com\/ca\/politica-de-xarxes-socials\/\",\"name\":\"Pol\u00edtica de xarxes socials - TusetCN Barcelona\",\"isPartOf\":{\"@id\":\"https:\/\/tusetcn.com\/#website\"},\"datePublished\":\"2018-04-10T14:09:16+00:00\",\"dateModified\":\"2020-04-01T14:41:23+00:00\",\"description\":\". Despatxos Totalment Equipats. Oferim lloguer d\u2019oficines a Barcelona per per\u00edodes personalitzats. La flexibilitat de les nostres instal.lacions ens permet acompanyar-los en el seu creixement i en les seves futures necessitats.\",\"breadcrumb\":{\"@id\":\"https:\/\/tusetcn.com\/ca\/politica-de-xarxes-socials\/#breadcrumb\"},\"inLanguage\":\"ca\",\"potentialAction\":[{\"@type\":\"ReadAction\",\"target\":[\"https:\/\/tusetcn.com\/ca\/politica-de-xarxes-socials\/\"]}]},{\"@type\":\"BreadcrumbList\",\"@id\":\"https:\/\/tusetcn.com\/ca\/politica-de-xarxes-socials\/#breadcrumb\",\"itemListElement\":[{\"@type\":\"ListItem\",\"position\":1,\"name\":\"Portada\",\"item\":\"https:\/\/tusetcn.com\/ca\/\"},{\"@type\":\"ListItem\",\"position\":2,\"name\":\"Pol\u00edtica de xarxes socials\"}]},{\"@type\":\"WebSite\",\"@id\":\"https:\/\/tusetcn.com\/#website\",\"url\":\"https:\/\/tusetcn.com\/\",\"name\":\"Tuset Centre de Negocis Barcelona. Oficines i despatxos totalment equipats per llogar.\",\"description\":\"Centre de Negocis Tuset\",\"publisher\":{\"@id\":\"https:\/\/tusetcn.com\/#organization\"},\"potentialAction\":[{\"@type\":\"SearchAction\",\"target\":{\"@type\":\"EntryPoint\",\"urlTemplate\":\"https:\/\/tusetcn.com\/?s={search_term_string}\"},\"query-input\":{\"@type\":\"PropertyValueSpecification\",\"valueRequired\":true,\"valueName\":\"search_term_string\"}}],\"inLanguage\":\"ca\"},{\"@type\":\"Organization\",\"@id\":\"https:\/\/tusetcn.com\/#organization\",\"name\":\"TUSET Centre de Negocis\",\"url\":\"https:\/\/tusetcn.com\/\",\"logo\":{\"@type\":\"ImageObject\",\"inLanguage\":\"ca\",\"@id\":\"https:\/\/tusetcn.com\/#\/schema\/logo\/image\/\",\"url\":\"https:\/\/tusetcn.com\/wp-content\/uploads\/2018\/02\/tuset-centre-de-negocis-logo-sup-eng.gif\",\"contentUrl\":\"https:\/\/tusetcn.com\/wp-content\/uploads\/2018\/02\/tuset-centre-de-negocis-logo-sup-eng.gif\",\"width\":172,\"height\":169,\"caption\":\"TUSET Centre de Negocis\"},\"image\":{\"@id\":\"https:\/\/tusetcn.com\/#\/schema\/logo\/image\/\"},\"sameAs\":[\"https:\/\/es-es.facebook.com\/tusetcn\/\",\"https:\/\/x.com\/tusetcn\"]}]}<\/script>\n<!-- \/ Yoast SEO plugin. -->","yoast_head_json":{"title":"Pol\u00edtica de xarxes socials - TusetCN Barcelona","description":". Despatxos Totalment Equipats. Oferim lloguer d\u2019oficines a Barcelona per per\u00edodes personalitzats. La flexibilitat de les nostres instal.lacions ens permet acompanyar-los en el seu creixement i en les seves futures necessitats.","robots":{"index":"noindex","follow":"follow"},"og_locale":"ca_ES","og_type":"article","og_title":"Pol\u00edtica de xarxes socials - TusetCN Barcelona","og_description":". Despatxos Totalment Equipats. Oferim lloguer d\u2019oficines a Barcelona per per\u00edodes personalitzats. La flexibilitat de les nostres instal.lacions ens permet acompanyar-los en el seu creixement i en les seves futures necessitats.","og_url":"https:\/\/tusetcn.com\/ca\/politica-de-xarxes-socials\/","og_site_name":"Tuset Centre de Negocis Barcelona. Oficines i despatxos totalment equipats per llogar.","article_publisher":"https:\/\/es-es.facebook.com\/tusetcn\/","article_modified_time":"2020-04-01T14:41:23+00:00","twitter_card":"summary_large_image","twitter_site":"@tusetcn","twitter_misc":{"Temps estimat de lectura":"9 minuts"},"schema":{"@context":"https:\/\/schema.org","@graph":[{"@type":"WebPage","@id":"https:\/\/tusetcn.com\/ca\/politica-de-xarxes-socials\/","url":"https:\/\/tusetcn.com\/ca\/politica-de-xarxes-socials\/","name":"Pol\u00edtica de xarxes socials - TusetCN Barcelona","isPartOf":{"@id":"https:\/\/tusetcn.com\/#website"},"datePublished":"2018-04-10T14:09:16+00:00","dateModified":"2020-04-01T14:41:23+00:00","description":". Despatxos Totalment Equipats. Oferim lloguer d\u2019oficines a Barcelona per per\u00edodes personalitzats. La flexibilitat de les nostres instal.lacions ens permet acompanyar-los en el seu creixement i en les seves futures necessitats.","breadcrumb":{"@id":"https:\/\/tusetcn.com\/ca\/politica-de-xarxes-socials\/#breadcrumb"},"inLanguage":"ca","potentialAction":[{"@type":"ReadAction","target":["https:\/\/tusetcn.com\/ca\/politica-de-xarxes-socials\/"]}]},{"@type":"BreadcrumbList","@id":"https:\/\/tusetcn.com\/ca\/politica-de-xarxes-socials\/#breadcrumb","itemListElement":[{"@type":"ListItem","position":1,"name":"Portada","item":"https:\/\/tusetcn.com\/ca\/"},{"@type":"ListItem","position":2,"name":"Pol\u00edtica de xarxes socials"}]},{"@type":"WebSite","@id":"https:\/\/tusetcn.com\/#website","url":"https:\/\/tusetcn.com\/","name":"Tuset Centre de Negocis Barcelona. Oficines i despatxos totalment equipats per llogar.","description":"Centre de Negocis Tuset","publisher":{"@id":"https:\/\/tusetcn.com\/#organization"},"potentialAction":[{"@type":"SearchAction","target":{"@type":"EntryPoint","urlTemplate":"https:\/\/tusetcn.com\/?s={search_term_string}"},"query-input":{"@type":"PropertyValueSpecification","valueRequired":true,"valueName":"search_term_string"}}],"inLanguage":"ca"},{"@type":"Organization","@id":"https:\/\/tusetcn.com\/#organization","name":"TUSET Centre de Negocis","url":"https:\/\/tusetcn.com\/","logo":{"@type":"ImageObject","inLanguage":"ca","@id":"https:\/\/tusetcn.com\/#\/schema\/logo\/image\/","url":"https:\/\/tusetcn.com\/wp-content\/uploads\/2018\/02\/tuset-centre-de-negocis-logo-sup-eng.gif","contentUrl":"https:\/\/tusetcn.com\/wp-content\/uploads\/2018\/02\/tuset-centre-de-negocis-logo-sup-eng.gif","width":172,"height":169,"caption":"TUSET Centre de Negocis"},"image":{"@id":"https:\/\/tusetcn.com\/#\/schema\/logo\/image\/"},"sameAs":["https:\/\/es-es.facebook.com\/tusetcn\/","https:\/\/x.com\/tusetcn"]}]}},"_links":{"self":[{"href":"https:\/\/tusetcn.com\/ca\/wp-json\/wp\/v2\/pages\/1374","targetHints":{"allow":["GET"]}}],"collection":[{"href":"https:\/\/tusetcn.com\/ca\/wp-json\/wp\/v2\/pages"}],"about":[{"href":"https:\/\/tusetcn.com\/ca\/wp-json\/wp\/v2\/types\/page"}],"author":[{"embeddable":true,"href":"https:\/\/tusetcn.com\/ca\/wp-json\/wp\/v2\/users\/2"}],"replies":[{"embeddable":true,"href":"https:\/\/tusetcn.com\/ca\/wp-json\/wp\/v2\/comments?post=1374"}],"version-history":[{"count":4,"href":"https:\/\/tusetcn.com\/ca\/wp-json\/wp\/v2\/pages\/1374\/revisions"}],"predecessor-version":[{"id":3067,"href":"https:\/\/tusetcn.com\/ca\/wp-json\/wp\/v2\/pages\/1374\/revisions\/3067"}],"wp:attachment":[{"href":"https:\/\/tusetcn.com\/ca\/wp-json\/wp\/v2\/media?parent=1374"}],"curies":[{"name":"wp","href":"https:\/\/api.w.org\/{rel}","templated":true}]}}