{"id":1199,"date":"2018-04-10T09:11:46","date_gmt":"2018-04-10T09:11:46","guid":{"rendered":"https:\/\/tusetcn.com\/politica-de-cookies\/"},"modified":"2020-11-12T11:12:43","modified_gmt":"2020-11-12T10:12:43","slug":"politica-de-cookies","status":"publish","type":"page","link":"https:\/\/tusetcn.com\/ca\/politica-de-cookies\/","title":{"rendered":"Pol\u00edtica de Cookies"},"content":{"rendered":"<p>[et_pb_section fb_built=&#8221;1&#8243; fullwidth=&#8221;on&#8221; disabled_on=&#8221;off|off|off&#8221; admin_label=&#8221;Hero&#8221; _builder_version=&#8221;3.22&#8243; background_color=&#8221;#0c71c3&#8243; parallax=&#8221;on&#8221; custom_padding=&#8221;|||&#8221;][et_pb_fullwidth_header title=&#8221;Pol\u00edtica de Cookies&#8221; text_orientation=&#8221;center&#8221; background_overlay_color=&#8221;rgba(12,113,195,0.59)&#8221; _builder_version=&#8221;3.16&#8243; title_font=&#8221;Muli|700|||||||&#8221; title_text_color=&#8221;#ffffff&#8221; title_font_size=&#8221;55px&#8221; title_line_height=&#8221;1.3em&#8221; content_font=&#8221;Muli|600|||||||&#8221; content_text_color=&#8221;#ffffff&#8221; content_font_size=&#8221;18px&#8221; content_line_height=&#8221;1.8em&#8221; subhead_font=&#8221;Montserrat||||&#8221; subhead_text_color=&#8221;#bebebe&#8221; subhead_line_height=&#8221;1.8em&#8221; background_color=&#8221;rgba(255, 255, 255, 0)&#8221; background_image=&#8221;https:\/\/tusetcn.com\/wp-content\/uploads\/2018\/02\/slider-home1.jpg&#8221; custom_button_two=&#8221;on&#8221; button_two_text_size=&#8221;15px&#8221; button_two_text_color=&#8221;#ffffff&#8221; button_two_bg_color=&#8221;#0c71c3&#8243; button_two_border_width=&#8221;0px&#8221; button_two_border_color=&#8221;rgba(146,155,21,0)&#8221; button_two_border_radius=&#8221;22px&#8221; button_two_letter_spacing=&#8221;1px&#8221; button_two_font=&#8221;Muli|600||on|||||&#8221; button_two_icon=&#8221;%%20%%&#8221; max_width_tablet=&#8221;50px&#8221; custom_margin=&#8221;|||&#8221; custom_padding=&#8221;5%||5%|&#8221; animation_style=&#8221;zoom&#8221; animation_duration=&#8221;1500ms&#8221; animation_intensity_zoom=&#8221;4%&#8221; title_font_size_tablet=&#8221;&#8221; title_font_size_phone=&#8221;50px&#8221; title_font_size_last_edited=&#8221;on|phone&#8221; title_line_height_last_edited=&#8221;off|desktop&#8221; button_two_letter_spacing_hover=&#8221;1px&#8221; button_one_text_size__hover_enabled=&#8221;off&#8221; button_two_text_size__hover_enabled=&#8221;off&#8221; button_one_text_color__hover_enabled=&#8221;off&#8221; button_two_text_color__hover_enabled=&#8221;off&#8221; button_one_border_width__hover_enabled=&#8221;off&#8221; button_two_border_width__hover_enabled=&#8221;off&#8221; button_one_border_color__hover_enabled=&#8221;off&#8221; button_two_border_color__hover_enabled=&#8221;off&#8221; button_one_border_radius__hover_enabled=&#8221;off&#8221; button_two_border_radius__hover_enabled=&#8221;off&#8221; button_one_letter_spacing__hover_enabled=&#8221;off&#8221; button_two_letter_spacing__hover_enabled=&#8221;on&#8221; button_two_letter_spacing__hover=&#8221;1px&#8221; button_one_bg_color__hover_enabled=&#8221;off&#8221; button_two_bg_color__hover_enabled=&#8221;off&#8221;][\/et_pb_fullwidth_header][\/et_pb_section][et_pb_section fb_built=&#8221;1&#8243; _builder_version=&#8221;3.22&#8243;][et_pb_row _builder_version=&#8221;3.25&#8243;][et_pb_column type=&#8221;4_4&#8243; _builder_version=&#8221;3.25&#8243; custom_padding=&#8221;|||&#8221; custom_padding__hover=&#8221;|||&#8221;][et_pb_text _builder_version=&#8221;4.6.5&#8243; hover_enabled=&#8221;0&#8243; sticky_enabled=&#8221;0&#8243;]<strong>Pol\u00edtica de cookies<\/strong><\/p>\n<p>Una &#8220;Cookie&#8221; \u00e9s un petit arxiu que s\u2019emmagatzema a l\u2019ordinador de l\u2019usuari i ens permet recon\u00e8ixer-lo. El conjunt de &#8220;cookies&#8221; ens ajuda a millorar la qualitat del nostre web, permetent-nos controlar quines p\u00e0gines s\u00f3n \u00fatils per als nostres usuaris i quines no.<\/p>\n<p>Les cookies s\u00f3n essencials per al funcionament d\u2019internet, aportant innumerables avantatges en la prestaci\u00f3 de serveis interactius, facilitant-li la navegaci\u00f3 i operativitat del nostre lloc web. Tingui en compte que les cookies no poden espatllar el seu equip i que, a canvi, el fet que estiguin activades ens ajuda a identificar i resoldre els errors.<\/p>\n<p>La informaci\u00f3 que li proporcionem a continuaci\u00f3, l\u2019ajudar\u00e0 a comprendre els diferents tipus de cookies:<\/p>\n<p>_ <strong>Cookies de sessi\u00f3: <\/strong>s\u00f3n cookies temporals que romanen a l\u2019arxiu de cookies del seu navegador fins al moment en qu\u00e8 abandona el lloc web, pel que cap d\u2019aquestes queda registrada al disc dur de l\u2019usuari. La informaci\u00f3 obtinguda per mitj\u00e0 d\u2019aquestes cookies, serveixen per analitzar pautes de tr\u00e0nsit al web. A la llarga, aquest fet ens permet proporcionar una millor experi\u00e8ncia per a millorar el contingut i facilitant-ne el seu \u00fas.<\/p>\n<p><strong>_ Cookies permanents: <\/strong>s\u00f3n emmagatzemades al disc dur i el nostre web les llegeix cada cop que vost\u00e8 torna a visitar-lo. Aquestes cookies compten amb una data d\u2019expiraci\u00f3 determinada despr\u00e9s de la qual  deixar\u00e0 de funcionar.<\/p>\n<p>A continuaci\u00f3 publiquem una relaci\u00f3 de les principals cookies utilitzades al nostre Web, distingint:<\/p>\n<p><strong>_ Les cookies estrictament necess\u00e0ries, <\/strong>com per exemple, aquelles que serveixen per a una correcta navegaci\u00f3 o les que permeten realitzar serveis sol\u00b7licitats per l\u2019usuari o cookies que serveixen per a garantir que el contingut del lloc web es carrega efica\u00e7ment.<\/p>\n<p><strong>_ Les cookies de tercers, <\/strong>com per exemple, les utilitzades per xarxes socials, o per complements externs de contingut.<\/p>\n<p>_ Les <strong>cookies anal\u00edtiques, <\/strong>compilen dades estad\u00edstiques de l\u2019activitat amb prop\u00f2sits de manteniment peri\u00f2dic i amb l\u2019objectiu de garantir el millor servei possible a l\u2019usuari.<\/p>\n<p><strong>RELACI\u00d3 I DESCRIPCI\u00d3 DE LES COOKIES QUE UTILITZEM AL LLOC WEB:<\/strong><\/p>\n<p>La taula que publiquem a continuaci\u00f3 recull, de manera esquematitzada, les cookies que utilitzem al nostre lloc web:<\/p>\n<table class=\"wt-cli-element cookielawinfo-classic cookielawinfo-row-cat-table\"><thead><tr><th scope=\"col\" class=\"cookielawinfo-column-1\">Cookie<\/th><th scope=\"col\" class=\"cookielawinfo-column-2\">Tipus<\/th><th scope=\"col\" class=\"cookielawinfo-column-3\">Duraci\u00f3<\/th><th scope=\"col\" class=\"cookielawinfo-column-4\">Descripci\u00f3<\/th><\/thead><tbody><tr class=\"cookielawinfo-row-cat-title\"><th colspan=\"4\" class=\"cookielawinfo-row-cat-title-head\">Necess\u00e0ries<\/th><\/tr><tr class=\"cookielawinfo-row\"><td class=\"cookielawinfo-column-1\">viewed_cookie_policy<\/td><td class=\"cookielawinfo-column-2\">0<\/td><td class=\"cookielawinfo-column-3\">11 meses<\/td><td class=\"cookielawinfo-column-4\">La cookie la define el conector de consentimiento de cookies de GDPR y se utiliza para almacenar si el usuario ha consentido o no el uso de cookies. No almacena ning\u00fan dato personal.<\/td><\/tr><tr class=\"cookielawinfo-row\"><td class=\"cookielawinfo-column-1\">cookielawinfo-checkbox-necessary<\/td><td class=\"cookielawinfo-column-2\">0<\/td><td class=\"cookielawinfo-column-3\">11 meses<\/td><td class=\"cookielawinfo-column-4\">Esta cookie la define el conector de consentimiento de cookies de GDPR. Las cookies se utilizan para almacenar el consentimiento del usuario para las cookies de la categor\u00eda \"Necesarias\".<\/td><\/tr><tr class=\"cookielawinfo-row\"><td class=\"cookielawinfo-column-1\">cookielawinfo-checkbox-non-necessary<\/td><td class=\"cookielawinfo-column-2\">0<\/td><td class=\"cookielawinfo-column-3\">11 meses<\/td><td class=\"cookielawinfo-column-4\">Esta cookie define el conector de consentimiento de cookies de GDPR. Las cookies se utilizan para almacenar el consentimiento de utilizar para las cookies de la categor\u00eda \"No necesarias\".<\/td><\/tr><tr class=\"cookielawinfo-row-cat-title\"><th colspan=\"4\" class=\"cookielawinfo-row-cat-title-head\">Analytics<\/th><\/tr><tr class=\"cookielawinfo-row\"><td class=\"cookielawinfo-column-1\">_ga<\/td><td class=\"cookielawinfo-column-2\">0<\/td><td class=\"cookielawinfo-column-3\">2 anys<\/td><td class=\"cookielawinfo-column-4\">Aquesta cookie \u00e9s instal\u00b7lada per Google Analytics. La cookie s\u2019utilitza per calcular dades de visitants, sessions, camapign i fer un seguiment de l\u2019\u00fas del lloc per a l\u2019informe d\u2019an\u00e0lisi del lloc. Les cookies emmagatzemen informaci\u00f3 de forma an\u00f2nima i assignen un n\u00famero generat aleat\u00f2riament per identificar visitants \u00fanics.<\/td><\/tr><tr class=\"cookielawinfo-row\"><td class=\"cookielawinfo-column-1\">_gid<\/td><td class=\"cookielawinfo-column-2\">0<\/td><td class=\"cookielawinfo-column-3\">1 dia<\/td><td class=\"cookielawinfo-column-4\">Aquesta cookie \u00e9s instal\u00b7lada per Google Analytics. La cookie s\u2019utilitza per emmagatzemar informaci\u00f3 sobre com els visitants fan servir un lloc web i ajuda a crear un informe d\u2019an\u00e0lisi de com est\u00e0 funcionant el lloc web. Les dades recopilades, inclosos el nombre de visitants, la font d\u2019on han vingut, i les p\u00e0gines visitats de forma an\u00f2nima.<\/td><\/tr><tr class=\"cookielawinfo-row\"><td class=\"cookielawinfo-column-1\">_gat_gtag_UA_173944776_1<\/td><td class=\"cookielawinfo-column-2\">0<\/td><td class=\"cookielawinfo-column-3\">1 minuto<\/td><td class=\"cookielawinfo-column-4\">Google utiliza esta cookie para distinguir los usuarios.<\/td><\/tr><\/tbody><\/table>\n<p><strong>Garanties complement\u00e0ries \u2013 Gesti\u00f3 de cookies:<\/strong><\/p>\n<p>Com a garantia complement\u00e0ria a les anteriorment descrites, el registre de les cookies podr\u00e0 estar subjecte a la seva acceptaci\u00f3 durant la instal\u00b7laci\u00f3 o posada al dia del navegador emprat. Aquesta acceptaci\u00f3 pot en todo moment ser revocada mitjan\u00e7ant les opcions de configuraci\u00f3 de continguts i privacitat disponibles.<\/p>\n<p>Molts navegadors permeten activar un mode privat mitjan\u00e7ant el qual les cookies s\u2019esborren sempre despr\u00e9s de la seva visita. Depenent de cada navegador, aquest mode privat pot tenir diferents noms. A continuaci\u00f3 trobar\u00e0 una llista dels navegadors m\u00e9s comuns i els diferents noms que rep aquest \u201cmode privat\u201d:<\/p>\n<p><strong>Internet Explorer 8 <\/strong>i superior; InPrivate <strong>Safari 2 <\/strong>i superior; Navegaci\u00f3 Privada <strong>Opera 10.5 <\/strong>i superior; Navegaci\u00f3 Privada <strong>FireFox 3.5 <\/strong>i superior; Navegaci\u00f3 Privada <strong>Google Chrome 10 <\/strong>i superior; Inc\u00f2gnit<\/p>\n<p><strong>Important: <\/strong>Si us plau, llegeixi atentament la secci\u00f3 d\u2019ajuda del seu navegador per a con\u00e8ixer m\u00e9s sobre com activar el \u201cmode privat\u201d. Podr\u00e0 seguir visitant la nostra p\u00e0gina web tot i tenir activat aquest \u201cmode privat\u201d, <strong>si b\u00e9 la navegaci\u00f3 per la p\u00e0gina web pot no ser \u00f2ptima i algunes utilitats poden no funcionar correctament<\/strong>.[\/et_pb_text][\/et_pb_column][\/et_pb_row][\/et_pb_section]<\/p>\n","protected":false},"excerpt":{"rendered":"<p>Pol\u00edtica de cookies Una &#8220;Cookie&#8221; \u00e9s un petit arxiu que s\u2019emmagatzema a l\u2019ordinador de l\u2019usuari i ens permet recon\u00e8ixer-lo. El conjunt de &#8220;cookies&#8221; ens ajuda a millorar la qualitat del nostre web, permetent-nos controlar quines p\u00e0gines s\u00f3n \u00fatils per als nostres usuaris i quines no. Les cookies s\u00f3n essencials per al funcionament d\u2019internet, aportant innumerables [&hellip;]<\/p>\n","protected":false},"author":2,"featured_media":0,"parent":0,"menu_order":0,"comment_status":"closed","ping_status":"closed","template":"","meta":{"_et_pb_use_builder":"on","_et_pb_old_content":"","_et_gb_content_width":"","footnotes":""},"class_list":["post-1199","page","type-page","status-publish","hentry"],"yoast_head":"<!-- This site is optimized with the Yoast SEO plugin v25.0 - https:\/\/yoast.com\/wordpress\/plugins\/seo\/ -->\n<title>Pol\u00edtica de Cookies - TusetCN Barcelona<\/title>\n<meta name=\"description\" content=\". Despatxos Totalment Equipats. Oferim lloguer d\u2019oficines a Barcelona per per\u00edodes personalitzats. La flexibilitat de les nostres instal.lacions ens permet acompanyar-los en el seu creixement i en les seves futures necessitats.\" \/>\n<meta name=\"robots\" content=\"noindex, follow\" \/>\n<meta property=\"og:locale\" content=\"ca_ES\" \/>\n<meta property=\"og:type\" content=\"article\" \/>\n<meta property=\"og:title\" content=\"Pol\u00edtica de Cookies - TusetCN Barcelona\" \/>\n<meta property=\"og:description\" content=\". Despatxos Totalment Equipats. Oferim lloguer d\u2019oficines a Barcelona per per\u00edodes personalitzats. La flexibilitat de les nostres instal.lacions ens permet acompanyar-los en el seu creixement i en les seves futures necessitats.\" \/>\n<meta property=\"og:url\" content=\"https:\/\/tusetcn.com\/ca\/politica-de-cookies\/\" \/>\n<meta property=\"og:site_name\" content=\"Tuset Centre de Negocis Barcelona. Oficines i despatxos totalment equipats per llogar.\" \/>\n<meta property=\"article:publisher\" content=\"https:\/\/es-es.facebook.com\/tusetcn\/\" \/>\n<meta property=\"article:modified_time\" content=\"2020-11-12T10:12:43+00:00\" \/>\n<meta name=\"twitter:card\" content=\"summary_large_image\" \/>\n<meta name=\"twitter:site\" content=\"@tusetcn\" \/>\n<meta name=\"twitter:label1\" content=\"Temps estimat de lectura\" \/>\n\t<meta name=\"twitter:data1\" content=\"5 minuts\" \/>\n<script type=\"application\/ld+json\" class=\"yoast-schema-graph\">{\"@context\":\"https:\/\/schema.org\",\"@graph\":[{\"@type\":\"WebPage\",\"@id\":\"https:\/\/tusetcn.com\/ca\/politica-de-cookies\/\",\"url\":\"https:\/\/tusetcn.com\/ca\/politica-de-cookies\/\",\"name\":\"Pol\u00edtica de Cookies - TusetCN Barcelona\",\"isPartOf\":{\"@id\":\"https:\/\/tusetcn.com\/#website\"},\"datePublished\":\"2018-04-10T09:11:46+00:00\",\"dateModified\":\"2020-11-12T10:12:43+00:00\",\"description\":\". Despatxos Totalment Equipats. Oferim lloguer d\u2019oficines a Barcelona per per\u00edodes personalitzats. La flexibilitat de les nostres instal.lacions ens permet acompanyar-los en el seu creixement i en les seves futures necessitats.\",\"breadcrumb\":{\"@id\":\"https:\/\/tusetcn.com\/ca\/politica-de-cookies\/#breadcrumb\"},\"inLanguage\":\"ca\",\"potentialAction\":[{\"@type\":\"ReadAction\",\"target\":[\"https:\/\/tusetcn.com\/ca\/politica-de-cookies\/\"]}]},{\"@type\":\"BreadcrumbList\",\"@id\":\"https:\/\/tusetcn.com\/ca\/politica-de-cookies\/#breadcrumb\",\"itemListElement\":[{\"@type\":\"ListItem\",\"position\":1,\"name\":\"Portada\",\"item\":\"https:\/\/tusetcn.com\/ca\/\"},{\"@type\":\"ListItem\",\"position\":2,\"name\":\"Pol\u00edtica de Cookies\"}]},{\"@type\":\"WebSite\",\"@id\":\"https:\/\/tusetcn.com\/#website\",\"url\":\"https:\/\/tusetcn.com\/\",\"name\":\"Tuset Centre de Negocis Barcelona. Oficines i despatxos totalment equipats per llogar.\",\"description\":\"Centre de Negocis Tuset\",\"publisher\":{\"@id\":\"https:\/\/tusetcn.com\/#organization\"},\"potentialAction\":[{\"@type\":\"SearchAction\",\"target\":{\"@type\":\"EntryPoint\",\"urlTemplate\":\"https:\/\/tusetcn.com\/?s={search_term_string}\"},\"query-input\":{\"@type\":\"PropertyValueSpecification\",\"valueRequired\":true,\"valueName\":\"search_term_string\"}}],\"inLanguage\":\"ca\"},{\"@type\":\"Organization\",\"@id\":\"https:\/\/tusetcn.com\/#organization\",\"name\":\"TUSET Centre de Negocis\",\"url\":\"https:\/\/tusetcn.com\/\",\"logo\":{\"@type\":\"ImageObject\",\"inLanguage\":\"ca\",\"@id\":\"https:\/\/tusetcn.com\/#\/schema\/logo\/image\/\",\"url\":\"https:\/\/tusetcn.com\/wp-content\/uploads\/2018\/02\/tuset-centre-de-negocis-logo-sup-eng.gif\",\"contentUrl\":\"https:\/\/tusetcn.com\/wp-content\/uploads\/2018\/02\/tuset-centre-de-negocis-logo-sup-eng.gif\",\"width\":172,\"height\":169,\"caption\":\"TUSET Centre de Negocis\"},\"image\":{\"@id\":\"https:\/\/tusetcn.com\/#\/schema\/logo\/image\/\"},\"sameAs\":[\"https:\/\/es-es.facebook.com\/tusetcn\/\",\"https:\/\/x.com\/tusetcn\"]}]}<\/script>\n<!-- \/ Yoast SEO plugin. -->","yoast_head_json":{"title":"Pol\u00edtica de Cookies - TusetCN Barcelona","description":". Despatxos Totalment Equipats. Oferim lloguer d\u2019oficines a Barcelona per per\u00edodes personalitzats. La flexibilitat de les nostres instal.lacions ens permet acompanyar-los en el seu creixement i en les seves futures necessitats.","robots":{"index":"noindex","follow":"follow"},"og_locale":"ca_ES","og_type":"article","og_title":"Pol\u00edtica de Cookies - TusetCN Barcelona","og_description":". Despatxos Totalment Equipats. Oferim lloguer d\u2019oficines a Barcelona per per\u00edodes personalitzats. La flexibilitat de les nostres instal.lacions ens permet acompanyar-los en el seu creixement i en les seves futures necessitats.","og_url":"https:\/\/tusetcn.com\/ca\/politica-de-cookies\/","og_site_name":"Tuset Centre de Negocis Barcelona. Oficines i despatxos totalment equipats per llogar.","article_publisher":"https:\/\/es-es.facebook.com\/tusetcn\/","article_modified_time":"2020-11-12T10:12:43+00:00","twitter_card":"summary_large_image","twitter_site":"@tusetcn","twitter_misc":{"Temps estimat de lectura":"5 minuts"},"schema":{"@context":"https:\/\/schema.org","@graph":[{"@type":"WebPage","@id":"https:\/\/tusetcn.com\/ca\/politica-de-cookies\/","url":"https:\/\/tusetcn.com\/ca\/politica-de-cookies\/","name":"Pol\u00edtica de Cookies - TusetCN Barcelona","isPartOf":{"@id":"https:\/\/tusetcn.com\/#website"},"datePublished":"2018-04-10T09:11:46+00:00","dateModified":"2020-11-12T10:12:43+00:00","description":". Despatxos Totalment Equipats. Oferim lloguer d\u2019oficines a Barcelona per per\u00edodes personalitzats. La flexibilitat de les nostres instal.lacions ens permet acompanyar-los en el seu creixement i en les seves futures necessitats.","breadcrumb":{"@id":"https:\/\/tusetcn.com\/ca\/politica-de-cookies\/#breadcrumb"},"inLanguage":"ca","potentialAction":[{"@type":"ReadAction","target":["https:\/\/tusetcn.com\/ca\/politica-de-cookies\/"]}]},{"@type":"BreadcrumbList","@id":"https:\/\/tusetcn.com\/ca\/politica-de-cookies\/#breadcrumb","itemListElement":[{"@type":"ListItem","position":1,"name":"Portada","item":"https:\/\/tusetcn.com\/ca\/"},{"@type":"ListItem","position":2,"name":"Pol\u00edtica de Cookies"}]},{"@type":"WebSite","@id":"https:\/\/tusetcn.com\/#website","url":"https:\/\/tusetcn.com\/","name":"Tuset Centre de Negocis Barcelona. Oficines i despatxos totalment equipats per llogar.","description":"Centre de Negocis Tuset","publisher":{"@id":"https:\/\/tusetcn.com\/#organization"},"potentialAction":[{"@type":"SearchAction","target":{"@type":"EntryPoint","urlTemplate":"https:\/\/tusetcn.com\/?s={search_term_string}"},"query-input":{"@type":"PropertyValueSpecification","valueRequired":true,"valueName":"search_term_string"}}],"inLanguage":"ca"},{"@type":"Organization","@id":"https:\/\/tusetcn.com\/#organization","name":"TUSET Centre de Negocis","url":"https:\/\/tusetcn.com\/","logo":{"@type":"ImageObject","inLanguage":"ca","@id":"https:\/\/tusetcn.com\/#\/schema\/logo\/image\/","url":"https:\/\/tusetcn.com\/wp-content\/uploads\/2018\/02\/tuset-centre-de-negocis-logo-sup-eng.gif","contentUrl":"https:\/\/tusetcn.com\/wp-content\/uploads\/2018\/02\/tuset-centre-de-negocis-logo-sup-eng.gif","width":172,"height":169,"caption":"TUSET Centre de Negocis"},"image":{"@id":"https:\/\/tusetcn.com\/#\/schema\/logo\/image\/"},"sameAs":["https:\/\/es-es.facebook.com\/tusetcn\/","https:\/\/x.com\/tusetcn"]}]}},"_links":{"self":[{"href":"https:\/\/tusetcn.com\/ca\/wp-json\/wp\/v2\/pages\/1199","targetHints":{"allow":["GET"]}}],"collection":[{"href":"https:\/\/tusetcn.com\/ca\/wp-json\/wp\/v2\/pages"}],"about":[{"href":"https:\/\/tusetcn.com\/ca\/wp-json\/wp\/v2\/types\/page"}],"author":[{"embeddable":true,"href":"https:\/\/tusetcn.com\/ca\/wp-json\/wp\/v2\/users\/2"}],"replies":[{"embeddable":true,"href":"https:\/\/tusetcn.com\/ca\/wp-json\/wp\/v2\/comments?post=1199"}],"version-history":[{"count":4,"href":"https:\/\/tusetcn.com\/ca\/wp-json\/wp\/v2\/pages\/1199\/revisions"}],"predecessor-version":[{"id":3204,"href":"https:\/\/tusetcn.com\/ca\/wp-json\/wp\/v2\/pages\/1199\/revisions\/3204"}],"wp:attachment":[{"href":"https:\/\/tusetcn.com\/ca\/wp-json\/wp\/v2\/media?parent=1199"}],"curies":[{"name":"wp","href":"https:\/\/api.w.org\/{rel}","templated":true}]}}