{"id":1155,"date":"2018-04-09T10:50:29","date_gmt":"2018-04-09T10:50:29","guid":{"rendered":"https:\/\/tusetcn.com\/avis-legal\/"},"modified":"2020-04-01T16:38:36","modified_gmt":"2020-04-01T14:38:36","slug":"avis-legal","status":"publish","type":"page","link":"https:\/\/tusetcn.com\/ca\/avis-legal\/","title":{"rendered":"av\u00eds legal"},"content":{"rendered":"<p>[et_pb_section fb_built=&#8221;1&#8243; fullwidth=&#8221;on&#8221; disabled_on=&#8221;off|off|off&#8221; admin_label=&#8221;Hero&#8221; _builder_version=&#8221;3.22&#8243; background_color=&#8221;#0c71c3&#8243; parallax=&#8221;on&#8221; custom_padding=&#8221;|||&#8221;][et_pb_fullwidth_header title=&#8221;Av\u00eds legal&#8221; text_orientation=&#8221;center&#8221; background_overlay_color=&#8221;rgba(12,113,195,0.59)&#8221; _builder_version=&#8221;3.16&#8243; title_font=&#8221;Muli|700|||||||&#8221; title_text_color=&#8221;#ffffff&#8221; title_font_size=&#8221;55px&#8221; title_line_height=&#8221;1.3em&#8221; content_font=&#8221;Muli|600|||||||&#8221; content_text_color=&#8221;#ffffff&#8221; content_font_size=&#8221;18px&#8221; content_line_height=&#8221;1.8em&#8221; subhead_font=&#8221;Montserrat||||&#8221; subhead_text_color=&#8221;#bebebe&#8221; subhead_line_height=&#8221;1.8em&#8221; background_color=&#8221;rgba(255, 255, 255, 0)&#8221; background_image=&#8221;https:\/\/tusetcn.com\/wp-content\/uploads\/2018\/02\/slider-home1.jpg&#8221; custom_button_two=&#8221;on&#8221; button_two_text_size=&#8221;15px&#8221; button_two_text_color=&#8221;#ffffff&#8221; button_two_bg_color=&#8221;#0c71c3&#8243; button_two_border_width=&#8221;0px&#8221; button_two_border_color=&#8221;rgba(146,155,21,0)&#8221; button_two_border_radius=&#8221;22px&#8221; button_two_letter_spacing=&#8221;1px&#8221; button_two_font=&#8221;Muli|600||on|||||&#8221; button_two_icon=&#8221;%%20%%&#8221; max_width_tablet=&#8221;50px&#8221; custom_margin=&#8221;|||&#8221; custom_padding=&#8221;5%||5%|&#8221; animation_style=&#8221;zoom&#8221; animation_duration=&#8221;1500ms&#8221; animation_intensity_zoom=&#8221;4%&#8221; title_font_size_tablet=&#8221;&#8221; title_font_size_phone=&#8221;50px&#8221; title_font_size_last_edited=&#8221;on|phone&#8221; title_line_height_last_edited=&#8221;off|desktop&#8221; button_two_letter_spacing_hover=&#8221;1px&#8221; button_one_text_size__hover_enabled=&#8221;off&#8221; button_two_text_size__hover_enabled=&#8221;off&#8221; button_one_text_color__hover_enabled=&#8221;off&#8221; button_two_text_color__hover_enabled=&#8221;off&#8221; button_one_border_width__hover_enabled=&#8221;off&#8221; button_two_border_width__hover_enabled=&#8221;off&#8221; button_one_border_color__hover_enabled=&#8221;off&#8221; button_two_border_color__hover_enabled=&#8221;off&#8221; button_one_border_radius__hover_enabled=&#8221;off&#8221; button_two_border_radius__hover_enabled=&#8221;off&#8221; button_one_letter_spacing__hover_enabled=&#8221;off&#8221; button_two_letter_spacing__hover_enabled=&#8221;on&#8221; button_two_letter_spacing__hover=&#8221;1px&#8221; button_one_bg_color__hover_enabled=&#8221;off&#8221; button_two_bg_color__hover_enabled=&#8221;off&#8221;][\/et_pb_fullwidth_header][\/et_pb_section][et_pb_section fb_built=&#8221;1&#8243; _builder_version=&#8221;3.22&#8243;][et_pb_row _builder_version=&#8221;3.25&#8243;][et_pb_column type=&#8221;4_4&#8243; _builder_version=&#8221;3.25&#8243; custom_padding=&#8221;|||&#8221; custom_padding__hover=&#8221;|||&#8221;][et_pb_text _builder_version=&#8221;3.27.4&#8243;]<strong>AV\u00cdS LEGAL<\/strong><\/p>\n<p>En virtut de la Llei 15\/1999 del 13 de desembre sobre la Protecci\u00f3 de Dades de car\u00e0cter personal, l\u2019informem que les seves dades reflectides en aquesta comunicaci\u00f3, estan incorporades dins d\u2019un fitxer responsabilitat de l\u2019empresa mercantil <strong>TUSET CENTRE DE NEGOCIS, S.L.<\/strong>, CIF: <strong>B-65685182<\/strong>, inscrita en el Registre Mercantil de Barcelona, Tom 42928, Foli 31, Full N\u00ba B419473, Inscripci\u00f3 1. La finalitat d\u2019aquest fitxer \u00e9s gestionar el servei sol\u00b7licitat.<\/p>\n<p>L\u2019usuari garanteix l\u2019autenticitat de totes aquelles dades que comuniqui a trav\u00e9s de <strong><a href=\"http:\/\/www.tusetcn.com\/\">www.tusetcn.com<\/a><\/strong> i mantindr\u00e0 actualitzada la informaci\u00f3 que faciliti a <strong>TUSET CENTRE DE NEGOCIS, S.L.<\/strong>, de manera que respongui en tot moment a la seva situaci\u00f3 real, essent l\u2019\u00fanic responsable de les manifestacions falses o inexactes que realitzi, aix\u00ed com dels perjudicis que causi per aquesta ra\u00f3 a <strong>TUSET CENTRE DE NEGOCIS, S.L.<\/strong> o a tercers.<\/p>\n<p><strong>TUSET CENTRE DE NEGOCIS, S.L.<\/strong> no pot assumir cap responsabilitat derivada de l\u2019\u00fas incorrecte, inapropiat o il\u00b7l\u00edcit de la informaci\u00f3 apareguda en les p\u00e0gines d\u2019Internet de <strong>TUSET CENTRE DE NEGOCIS, S.L.<\/strong><\/p>\n<p>Amb els l\u00edmits establerts a la llei, <strong>TUSET CENTRE DE NEGOCIS, S.L.<\/strong> no assumeix cap responsabilitat derivada de la falta de veracitat, integritat, actualitzaci\u00f3 i precisi\u00f3 de les dades o informacions que contenen les seves p\u00e0gines d\u2019Internet. Els continguts i informaci\u00f3 de les p\u00e0gines d\u2019Internet de <strong>TUSET CENTRE DE NEGOCIS, S.L.<\/strong> estan elaborades per professionals degudament qualificats per a l\u2019exercici de la seva professi\u00f3. No obstant, els continguts i la informaci\u00f3 no la vinculen, ni constitueixen opinions, consells o assessorament legal de cap tipus, ja que nom\u00e9s es tracta d\u2019un servei ofert amb car\u00e0cter informatiu i divulgatiu.<\/p>\n<p>Les p\u00e0gines d\u2019Internet de <strong>TUSET CENTRE DE NEGOCIS, S.L.<\/strong> poden contenir enlla\u00e7os (links) a altres p\u00e0gines de tercers. Per aix\u00f2, <strong>TUSET CENTRE DE NEGOCIS, S.L.<\/strong> no podr\u00e0 assumir responsabilitats pel contingut que pugui apar\u00e8ixer en p\u00e0gines de tercers. Els textos, imatges, sons, animacions, software i la resta de continguts inclosos en aquest web s\u00f3n propietat exclusiva de <strong>TUSET CENTRE DE NEGOCIS, S.L.<\/strong> o els seus llicenciadors. Qualsevol acte de transmissi\u00f3, distribuci\u00f3, cessi\u00f3, reproducci\u00f3, emmagatzematge o comunicaci\u00f3 p\u00fablica total o parcial, ha de comptar amb el consentiment expr\u00e9s de <strong>TUSET CENTRE DE NEGOCIS, S.L.<\/strong><\/p>\n<p>Aix\u00ed mateix, per accedir als serveis que <strong>TUSET CENTRE DE NEGOCIS, S.L.<\/strong> ofereix a trav\u00e9s del web, haur\u00e0 de proporcionar algunes dades de car\u00e0cter personal. En compliment d\u2019all\u00f2 establert a la LOPD 15\/1999, del 13 de desembre, l\u2019informem que les seves dades personals quedaran incorporades i seran tractades als fitxers de <strong>TUSET CENTRE DE NEGOCIS, S.L.<\/strong>, amb la finalitat de prestar-li i oferir-li els nostres serveis. Aix\u00ed mateix, l\u2019informem de la possibilitat d\u2019exercir els drets d\u2019acc\u00e9s, rectificaci\u00f3, cancel\u00b7laci\u00f3 i oposici\u00f3 de les seves dades de car\u00e0cter personal, a <strong>C\/ TUSET, 23-25, 4\u00aa PLANTA &#8211; 08006 BARCELONA <\/strong>o b\u00e9, enviant un correu electr\u00f2nic a <strong><a href=\"mailto:info@tusetcn.com\">info@tusetcn.com<\/a><\/strong><\/p>\n<p>Tanmateix, la seva acceptaci\u00f3 al present Av\u00eds Legal suposa la prestaci\u00f3 del seu consentiment expr\u00e9s per a qu\u00e8 <strong>TUSET CENTRE DE NEGOCIS, S.L. <\/strong>pugui remetre-li comunicacions publicit\u00e0ries o promocionals per correu electr\u00f2nic o un altre mitj\u00e0 de comunicaci\u00f3 equivalent, en els termes establerts per la Llei 34\/2002, de Serveis de la Societat de la Informaci\u00f3 i del Comer\u00e7 Electr\u00f2nic. En cas de no estar interessat en rebre aquest tipus de comunicacions pot dirigir-se a <strong>TUSET CENTRE DE NEGOCIS, S.L., <\/strong>a l\u2019adre\u00e7a esmentada anteriorment o al correu electr\u00f2nic <strong><a href=\"mailto:info@tusetcn.com\">info@tusetcn.com<\/a>, <\/strong>manifestant la seva voluntat.<\/p>\n<p>Omplint i enviant els corresponents formularis d\u2019aquesta p\u00e0gina web, l\u2019Usuari accepta i autoritza a qu\u00e8 les seves dades personals siguin objecte de tractament automatitzat per part de <strong>TUSET CENTRE DE NEGOCIS, S.L.<\/strong><strong>. <\/strong>En cas que vost\u00e8 inclogui en els formularis d\u2019aquesta p\u00e0gina web dades de car\u00e0cter personal titularitat de tercers haur\u00e0 de, amb car\u00e0cter previ a la seva inclusi\u00f3, obtenir el seu consentiment i informar-li de tots els continguts esmentats en els par\u00e0grafs anteriors.<\/p>\n<p>&nbsp;<\/p>\n<p><strong><u>PROPIETAT INTEL\u00b7LECTUAL<\/u><\/strong><\/p>\n<p>Els continguts proporcionats per <strong>TUSET CENTRE DE NEGOCIS, S.L.<\/strong> estan subjectes als drets de propietat intel\u00b7lectual i industrial i s\u00f3n titularitat exclusiva de <strong>TUSET CENTRE DE NEGOCIS, S.L.<\/strong> o de les persones f\u00edsiques o jur\u00eddiques que s\u2019informi mitjan\u00e7ant l\u2019adquisici\u00f3 d\u2019un producte o servei. <strong>TUSET CENTRE DE NEGOCIS, S.L.<\/strong> no confereix a l\u2019adquirent cap dret d\u2019alteraci\u00f3, explotaci\u00f3, reproducci\u00f3, distribuci\u00f3 o comunicaci\u00f3 p\u00fablica sobre el mateix, reservant-se <strong>TUSET CENTRE DE NEGOCIS, S.L.<\/strong> tots aquests drets. La cessi\u00f3 d\u2019aquests drets precisar\u00e0 el consentiment previ per escrit del titular dels mateixos, de manera que el client no podr\u00e0 posar a disposici\u00f3 de terceres persones aquests continguts.<\/p>\n<p>La propietat intel\u00b7lectual s\u2019est\u00e9n, a m\u00e9s a m\u00e9s del contingut incl\u00f2s a <strong>TUSET CENTRE DE NEGOCIS, S.L.<\/strong>, als seus gr\u00e0fics, logotips, dissenys, imatges i codis font utilitzats per a la seva programaci\u00f3.<\/p>\n<p><strong>TUSET CENTRE DE NEGOCIS, S.L.<\/strong> ha obtingut la Informaci\u00f3 i els materials inclosos al web de fonts considerades com fiables i, si b\u00e9 s\u2019han pres mesures raonables per assegurar-se que la informaci\u00f3 continguda sigui la correcta, <strong>TUSET CENTRE DE NEGOCIS, S.L.<\/strong> no pot garantir que en tot moment i circumst\u00e0ncia aquesta informaci\u00f3 sigui exacta, completa, actualitzada i, en conseq\u00fc\u00e8ncia, no s\u2019ha de confiar en ella como si ho fos. <strong>TUSET CENTRE DE NEGOCIS, S.L.<\/strong> declina expressament qualsevol responsabilitat per error o omissi\u00f3 en la Informaci\u00f3 continguda a les p\u00e0gines d\u2019aquesta web.<\/p>\n<p><strong>TUSET CENTRE DE NEGOCIS, S.L.<\/strong> es reserva la facultat de modificar, suspendre, cancel\u00b7lar o restringir el contingut de la web, els vincles o la informaci\u00f3 obtinguda a trav\u00e9s d\u2019aquesta, sense necessitat d\u2019av\u00eds previ. Aquesta, en cap cas, assumeix cap responsabilitat com a conseq\u00fc\u00e8ncia de la utilitzaci\u00f3 incorrecta del web que pugui fer l\u2019usuari, tant de la informaci\u00f3 com dels serveis inclosos.<\/p>\n<p>En cap cas <strong>TUSET CENTRE DE NEGOCIS, S.L.,<\/strong> les seves sucursals i\/o centres de treball, els seus directors i\/o apoderats, treballadors i, en general, el personal autoritzat ser\u00e0 responsable de qualsevol tipus de perjudici, p\u00e8rdua, reclamaci\u00f3 o despesa, tant si procedeix directa o indirectament, de l\u2019\u00fas i\/o difusi\u00f3 del web o de la Informaci\u00f3 adquirida o accedida per o a trav\u00e9s d\u2019aquest o dels seus virus inform\u00e0tics, d\u2019errades operatives o d\u2019interrupcions en el serveis o transmissi\u00f3 o d\u2019errades en la l\u00ednea en l\u2019\u00fas de la web, tant per connexi\u00f3 directa com per vincle o altre mitj\u00e0, constituint a tots els efectes legals un av\u00eds a qualsevol usuari de qu\u00e8 aquestes possibilitats i actes puguin succeir.<\/p>\n<p><strong>TUSET CENTRE DE NEGOCIS, S.L.<\/strong> no es fa responsable dels webs no propis als quals es pugui accedir mitjan\u00e7ant vincles o enlla\u00e7os (&#8220;links&#8221;) o de qualsevol contingut posat a disposici\u00f3 de tercers. Qualsevol \u00fas d\u2019un vincle o acc\u00e9s a una p\u00e0gina web no pr\u00f2pia ser\u00e0 realitzat per voluntat i a risc totalment exclusiu de l\u2019usuari. <strong>TUSET CENTRE DE NEGOCIS, S.L.<\/strong> no recomana ni garanteix cap de la\/es Informaci\u00f3\/ons obtinguda\/es per o a trav\u00e9s de qualsevol vincle, ni es responsabilitza de cap p\u00e8rdua, reclamaci\u00f3 o perjudici derivat de l\u2019\u00fas o mal \u00fas d\u2019un vincle, o de la Informaci\u00f3 obtinguda a trav\u00e9s d\u2019aquest, inclosos altres enlla\u00e7os o webs, de la interrupci\u00f3 en el servei o en l\u2019acc\u00e9s, o de l\u2019intent d\u2019utilitzar o d\u2019utilitzar malament un vincle, tant en connectar a la p\u00e0gina web de <strong>TUSET CENTRE DE NEGOCIS, S.L.<\/strong> com en accedir a la informaci\u00f3 d\u2019altres webs des de la mateixa.<\/p>\n<p>&nbsp;<\/p>\n<p><strong><u>PROPIETAT INDUSTRIAL I INTEL\u00b7LECTUAL<\/u><\/strong><\/p>\n<p>Aquest lloc web \u00e9s propietat de <strong>TUSET CENTRE DE NEGOCIS, S.L..<\/strong> Els drets de Propietat Intel\u00b7lectual i d\u2019explotaci\u00f3 i reproducci\u00f3 d\u2019aquest web, de les seves p\u00e0gines, pantalles, la Informaci\u00f3 que contenen, la seva aparen\u00e7a i disseny, aix\u00ed com els vincles (&#8220;hiperlinks&#8221;) que s\u2019estableixin des d\u2019aquest a altres p\u00e0gines web de qualsevol societat filial i\/o dominada de <strong>TUSET CENTRE DE NEGOCIS, S.L.<\/strong>, s\u00f3n propietat exclusiva d\u2019aquesta, llevat que s\u2019especifiqui expressament una altra cosa. Qualsevol denominaci\u00f3, disseny i\/o logotip, aix\u00ed com qualsevol producte o servei oferts i apareguts en aquesta p\u00e0gina web, s\u00f3n marques degudament enregistrades per <strong>TUSET CENTRE DE NEGOCIS, S.L.<\/strong>, per les seves societats filials i\/o dominades per tercers. Qualsevol \u00fas indegut de les mateixes per persones diferents del seu leg\u00edtim titular i sense el consentiment expr\u00e9s i inequ\u00edvoc per part d\u2019aquest, podr\u00e0 ser denunciat i perseguit a trav\u00e9s de tots els mitjans legals existents a l\u2019Ordenament Jur\u00eddic espanyol i\/o comunitari.<\/p>\n<p>Els drets de propietat intel\u00b7lectual i marques de tercers estan destacats convenientment i han de ser respectats per tot aquell que accedeixi a aquesta p\u00e0gina, no essent responsabilitat de <strong>TUSET CENTRE DE NEGOCIS, S.L.<\/strong> l\u2019\u00fas que l\u2019usuari pugui portar a terme al respecte, recaient la responsabilitat exclusiva en la seva persona.<\/p>\n<p>Nom\u00e9s es permet descarregar per a \u00fas personal i privat els continguts, copiar o imprimir qualsevol p\u00e0gina d\u2019aquest lloc web. Queda prohibit reproduir, transmetre, modificar o suprimir la informaci\u00f3, contingut o advert\u00e8ncies d\u2019aquesta p\u00e0gina web sense la pr\u00e8via autoritzaci\u00f3 per escrit de <strong>TUSET CENTRE DE NEGOCIS, S.L..<\/strong><\/p>\n<p>&nbsp;<\/p>\n<p><strong><u>LLEI APLICABLE I JURISDICCI\u00d3<\/u><\/strong><\/p>\n<p>Les presents condicions generals es regeixen per la Legislaci\u00f3 espanyola, essent competents els Jutjats i Tribunals espanyols per a con\u00e8ixer qualsevol q\u00fcesti\u00f3 que se susciti sobre la interpretaci\u00f3, aplicaci\u00f3 i acompliment de les mateixes. L\u2019usuari, per virtut de la seva acceptaci\u00f3 a les condicions generals recollides en aquest av\u00eds legal, renuncia expressament a qualsevol fur que, per aplicaci\u00f3 de la Llei de Enjudiciament Civil vigent pogu\u00e9s correspondre-li.[\/et_pb_text][\/et_pb_column][\/et_pb_row][\/et_pb_section]<\/p>\n","protected":false},"excerpt":{"rendered":"<p>AV\u00cdS LEGAL En virtut de la Llei 15\/1999 del 13 de desembre sobre la Protecci\u00f3 de Dades de car\u00e0cter personal, l\u2019informem que les seves dades reflectides en aquesta comunicaci\u00f3, estan incorporades dins d\u2019un fitxer responsabilitat de l\u2019empresa mercantil TUSET CENTRE DE NEGOCIS, S.L., CIF: B-65685182, inscrita en el Registre Mercantil de Barcelona, Tom 42928, Foli [&hellip;]<\/p>\n","protected":false},"author":2,"featured_media":0,"parent":0,"menu_order":0,"comment_status":"closed","ping_status":"closed","template":"","meta":{"_et_pb_use_builder":"on","_et_pb_old_content":"","_et_gb_content_width":"","footnotes":""},"class_list":["post-1155","page","type-page","status-publish","hentry"],"yoast_head":"<!-- This site is optimized with the Yoast SEO plugin v25.0 - https:\/\/yoast.com\/wordpress\/plugins\/seo\/ -->\n<title>av\u00eds legal - TusetCN Barcelona<\/title>\n<meta name=\"description\" content=\". Despatxos Totalment Equipats. Oferim lloguer d\u2019oficines a Barcelona per per\u00edodes personalitzats. La flexibilitat de les nostres instal.lacions ens permet acompanyar-los en el seu creixement i en les seves futures necessitats.\" \/>\n<meta name=\"robots\" content=\"noindex, follow\" \/>\n<meta property=\"og:locale\" content=\"ca_ES\" \/>\n<meta property=\"og:type\" content=\"article\" \/>\n<meta property=\"og:title\" content=\"av\u00eds legal - TusetCN Barcelona\" \/>\n<meta property=\"og:description\" content=\". Despatxos Totalment Equipats. Oferim lloguer d\u2019oficines a Barcelona per per\u00edodes personalitzats. La flexibilitat de les nostres instal.lacions ens permet acompanyar-los en el seu creixement i en les seves futures necessitats.\" \/>\n<meta property=\"og:url\" content=\"https:\/\/tusetcn.com\/ca\/avis-legal\/\" \/>\n<meta property=\"og:site_name\" content=\"Tuset Centre de Negocis Barcelona. Oficines i despatxos totalment equipats per llogar.\" \/>\n<meta property=\"article:publisher\" content=\"https:\/\/es-es.facebook.com\/tusetcn\/\" \/>\n<meta property=\"article:modified_time\" content=\"2020-04-01T14:38:36+00:00\" \/>\n<meta name=\"twitter:card\" content=\"summary_large_image\" \/>\n<meta name=\"twitter:site\" content=\"@tusetcn\" \/>\n<meta name=\"twitter:label1\" content=\"Temps estimat de lectura\" \/>\n\t<meta name=\"twitter:data1\" content=\"10 minuts\" \/>\n<script type=\"application\/ld+json\" class=\"yoast-schema-graph\">{\"@context\":\"https:\/\/schema.org\",\"@graph\":[{\"@type\":\"WebPage\",\"@id\":\"https:\/\/tusetcn.com\/ca\/avis-legal\/\",\"url\":\"https:\/\/tusetcn.com\/ca\/avis-legal\/\",\"name\":\"av\u00eds legal - TusetCN Barcelona\",\"isPartOf\":{\"@id\":\"https:\/\/tusetcn.com\/#website\"},\"datePublished\":\"2018-04-09T10:50:29+00:00\",\"dateModified\":\"2020-04-01T14:38:36+00:00\",\"description\":\". Despatxos Totalment Equipats. Oferim lloguer d\u2019oficines a Barcelona per per\u00edodes personalitzats. La flexibilitat de les nostres instal.lacions ens permet acompanyar-los en el seu creixement i en les seves futures necessitats.\",\"breadcrumb\":{\"@id\":\"https:\/\/tusetcn.com\/ca\/avis-legal\/#breadcrumb\"},\"inLanguage\":\"ca\",\"potentialAction\":[{\"@type\":\"ReadAction\",\"target\":[\"https:\/\/tusetcn.com\/ca\/avis-legal\/\"]}]},{\"@type\":\"BreadcrumbList\",\"@id\":\"https:\/\/tusetcn.com\/ca\/avis-legal\/#breadcrumb\",\"itemListElement\":[{\"@type\":\"ListItem\",\"position\":1,\"name\":\"Portada\",\"item\":\"https:\/\/tusetcn.com\/ca\/\"},{\"@type\":\"ListItem\",\"position\":2,\"name\":\"av\u00eds legal\"}]},{\"@type\":\"WebSite\",\"@id\":\"https:\/\/tusetcn.com\/#website\",\"url\":\"https:\/\/tusetcn.com\/\",\"name\":\"Tuset Centre de Negocis Barcelona. Oficines i despatxos totalment equipats per llogar.\",\"description\":\"Centre de Negocis Tuset\",\"publisher\":{\"@id\":\"https:\/\/tusetcn.com\/#organization\"},\"potentialAction\":[{\"@type\":\"SearchAction\",\"target\":{\"@type\":\"EntryPoint\",\"urlTemplate\":\"https:\/\/tusetcn.com\/?s={search_term_string}\"},\"query-input\":{\"@type\":\"PropertyValueSpecification\",\"valueRequired\":true,\"valueName\":\"search_term_string\"}}],\"inLanguage\":\"ca\"},{\"@type\":\"Organization\",\"@id\":\"https:\/\/tusetcn.com\/#organization\",\"name\":\"TUSET Centre de Negocis\",\"url\":\"https:\/\/tusetcn.com\/\",\"logo\":{\"@type\":\"ImageObject\",\"inLanguage\":\"ca\",\"@id\":\"https:\/\/tusetcn.com\/#\/schema\/logo\/image\/\",\"url\":\"https:\/\/tusetcn.com\/wp-content\/uploads\/2018\/02\/tuset-centre-de-negocis-logo-sup-eng.gif\",\"contentUrl\":\"https:\/\/tusetcn.com\/wp-content\/uploads\/2018\/02\/tuset-centre-de-negocis-logo-sup-eng.gif\",\"width\":172,\"height\":169,\"caption\":\"TUSET Centre de Negocis\"},\"image\":{\"@id\":\"https:\/\/tusetcn.com\/#\/schema\/logo\/image\/\"},\"sameAs\":[\"https:\/\/es-es.facebook.com\/tusetcn\/\",\"https:\/\/x.com\/tusetcn\"]}]}<\/script>\n<!-- \/ Yoast SEO plugin. -->","yoast_head_json":{"title":"av\u00eds legal - TusetCN Barcelona","description":". Despatxos Totalment Equipats. Oferim lloguer d\u2019oficines a Barcelona per per\u00edodes personalitzats. La flexibilitat de les nostres instal.lacions ens permet acompanyar-los en el seu creixement i en les seves futures necessitats.","robots":{"index":"noindex","follow":"follow"},"og_locale":"ca_ES","og_type":"article","og_title":"av\u00eds legal - TusetCN Barcelona","og_description":". Despatxos Totalment Equipats. Oferim lloguer d\u2019oficines a Barcelona per per\u00edodes personalitzats. La flexibilitat de les nostres instal.lacions ens permet acompanyar-los en el seu creixement i en les seves futures necessitats.","og_url":"https:\/\/tusetcn.com\/ca\/avis-legal\/","og_site_name":"Tuset Centre de Negocis Barcelona. Oficines i despatxos totalment equipats per llogar.","article_publisher":"https:\/\/es-es.facebook.com\/tusetcn\/","article_modified_time":"2020-04-01T14:38:36+00:00","twitter_card":"summary_large_image","twitter_site":"@tusetcn","twitter_misc":{"Temps estimat de lectura":"10 minuts"},"schema":{"@context":"https:\/\/schema.org","@graph":[{"@type":"WebPage","@id":"https:\/\/tusetcn.com\/ca\/avis-legal\/","url":"https:\/\/tusetcn.com\/ca\/avis-legal\/","name":"av\u00eds legal - TusetCN Barcelona","isPartOf":{"@id":"https:\/\/tusetcn.com\/#website"},"datePublished":"2018-04-09T10:50:29+00:00","dateModified":"2020-04-01T14:38:36+00:00","description":". Despatxos Totalment Equipats. Oferim lloguer d\u2019oficines a Barcelona per per\u00edodes personalitzats. La flexibilitat de les nostres instal.lacions ens permet acompanyar-los en el seu creixement i en les seves futures necessitats.","breadcrumb":{"@id":"https:\/\/tusetcn.com\/ca\/avis-legal\/#breadcrumb"},"inLanguage":"ca","potentialAction":[{"@type":"ReadAction","target":["https:\/\/tusetcn.com\/ca\/avis-legal\/"]}]},{"@type":"BreadcrumbList","@id":"https:\/\/tusetcn.com\/ca\/avis-legal\/#breadcrumb","itemListElement":[{"@type":"ListItem","position":1,"name":"Portada","item":"https:\/\/tusetcn.com\/ca\/"},{"@type":"ListItem","position":2,"name":"av\u00eds legal"}]},{"@type":"WebSite","@id":"https:\/\/tusetcn.com\/#website","url":"https:\/\/tusetcn.com\/","name":"Tuset Centre de Negocis Barcelona. Oficines i despatxos totalment equipats per llogar.","description":"Centre de Negocis Tuset","publisher":{"@id":"https:\/\/tusetcn.com\/#organization"},"potentialAction":[{"@type":"SearchAction","target":{"@type":"EntryPoint","urlTemplate":"https:\/\/tusetcn.com\/?s={search_term_string}"},"query-input":{"@type":"PropertyValueSpecification","valueRequired":true,"valueName":"search_term_string"}}],"inLanguage":"ca"},{"@type":"Organization","@id":"https:\/\/tusetcn.com\/#organization","name":"TUSET Centre de Negocis","url":"https:\/\/tusetcn.com\/","logo":{"@type":"ImageObject","inLanguage":"ca","@id":"https:\/\/tusetcn.com\/#\/schema\/logo\/image\/","url":"https:\/\/tusetcn.com\/wp-content\/uploads\/2018\/02\/tuset-centre-de-negocis-logo-sup-eng.gif","contentUrl":"https:\/\/tusetcn.com\/wp-content\/uploads\/2018\/02\/tuset-centre-de-negocis-logo-sup-eng.gif","width":172,"height":169,"caption":"TUSET Centre de Negocis"},"image":{"@id":"https:\/\/tusetcn.com\/#\/schema\/logo\/image\/"},"sameAs":["https:\/\/es-es.facebook.com\/tusetcn\/","https:\/\/x.com\/tusetcn"]}]}},"_links":{"self":[{"href":"https:\/\/tusetcn.com\/ca\/wp-json\/wp\/v2\/pages\/1155","targetHints":{"allow":["GET"]}}],"collection":[{"href":"https:\/\/tusetcn.com\/ca\/wp-json\/wp\/v2\/pages"}],"about":[{"href":"https:\/\/tusetcn.com\/ca\/wp-json\/wp\/v2\/types\/page"}],"author":[{"embeddable":true,"href":"https:\/\/tusetcn.com\/ca\/wp-json\/wp\/v2\/users\/2"}],"replies":[{"embeddable":true,"href":"https:\/\/tusetcn.com\/ca\/wp-json\/wp\/v2\/comments?post=1155"}],"version-history":[{"count":8,"href":"https:\/\/tusetcn.com\/ca\/wp-json\/wp\/v2\/pages\/1155\/revisions"}],"predecessor-version":[{"id":3062,"href":"https:\/\/tusetcn.com\/ca\/wp-json\/wp\/v2\/pages\/1155\/revisions\/3062"}],"wp:attachment":[{"href":"https:\/\/tusetcn.com\/ca\/wp-json\/wp\/v2\/media?parent=1155"}],"curies":[{"name":"wp","href":"https:\/\/api.w.org\/{rel}","templated":true}]}}